{"id":59,"date":"2025-04-28T13:04:23","date_gmt":"2025-04-28T13:04:23","guid":{"rendered":"https:\/\/martinadesol.cl\/?page_id=59"},"modified":"2025-05-09T03:32:12","modified_gmt":"2025-05-09T03:32:12","slug":"contacto","status":"publish","type":"page","link":"https:\/\/martinadesol.cl\/?page_id=59","title":{"rendered":"Contacto"},"content":{"rendered":"\t\t<div data-elementor-type=\"wp-page\" data-elementor-id=\"59\" class=\"elementor elementor-59\">\n\t\t\t\t<div class=\"elementor-element elementor-element-42af15e e-flex e-con-boxed wpr-particle-no wpr-jarallax-no wpr-parallax-no wpr-sticky-section-no e-con e-parent\" data-id=\"42af15e\" data-element_type=\"container\">\n\t\t\t\t\t<div class=\"e-con-inner\">\n\t\t<div class=\"elementor-element elementor-element-efa7649 e-con-full e-flex wpr-particle-no wpr-jarallax-no wpr-parallax-no wpr-sticky-section-no e-con e-child\" data-id=\"efa7649\" data-element_type=\"container\">\n\t\t\t\t<div class=\"elementor-element elementor-element-9cf07b5 elementor-widget elementor-widget-heading\" data-id=\"9cf07b5\" data-element_type=\"widget\" data-widget_type=\"heading.default\">\n\t\t\t\t<div class=\"elementor-widget-container\">\n\t\t\t\t\t<h2 class=\"elementor-heading-title elementor-size-default\">2025<\/h2>\t\t\t\t<\/div>\n\t\t\t\t<\/div>\n\t\t\t\t<\/div>\n\t\t<div class=\"elementor-element elementor-element-b0e6062 e-con-full e-flex wpr-particle-no wpr-jarallax-no wpr-parallax-no wpr-sticky-section-no e-con e-child\" data-id=\"b0e6062\" data-element_type=\"container\">\n\t\t\t\t<div class=\"elementor-element elementor-element-a391e09 elementor-widget elementor-widget-heading\" data-id=\"a391e09\" data-element_type=\"widget\" data-widget_type=\"heading.default\">\n\t\t\t\t<div class=\"elementor-widget-container\">\n\t\t\t\t\t<h2 class=\"elementor-heading-title elementor-size-default\">Martina De Solminihac Dachs<\/h2>\t\t\t\t<\/div>\n\t\t\t\t<\/div>\n\t\t\t\t<\/div>\n\t\t\t\t\t<\/div>\n\t\t\t\t<\/div>\n\t\t<div class=\"elementor-element elementor-element-e990167 e-flex e-con-boxed wpr-particle-no wpr-jarallax-no wpr-parallax-no wpr-sticky-section-no e-con e-parent\" data-id=\"e990167\" data-element_type=\"container\">\n\t\t\t\t\t<div class=\"e-con-inner\">\n\t\t<div class=\"elementor-element elementor-element-7076e02 e-con-full e-flex wpr-particle-no wpr-jarallax-no wpr-parallax-no wpr-sticky-section-no e-con e-child\" data-id=\"7076e02\" data-element_type=\"container\">\n\t\t\t\t<div class=\"elementor-element elementor-element-a8178e5 elementor-widget elementor-widget-text-editor\" data-id=\"a8178e5\" data-element_type=\"widget\" data-widget_type=\"text-editor.default\">\n\t\t\t\t<div class=\"elementor-widget-container\">\n\t\t\t\t\t\t\t\t\t<p><span style=\"white-space-collapse: preserve;\">\u00a1Si estas buscando una dise\u00f1adora gr\u00e1fica que sea meticulosa, preocupada, creativa y comprometida, no dudes en contactarme!<br \/>Creemos la idea o sue\u00f1o que llevas en mente y juntos hacerlo algo memorable. <\/span><\/p>\t\t\t\t\t\t\t\t<\/div>\n\t\t\t\t<\/div>\n\t\t<div class=\"elementor-element elementor-element-3732b7f e-con-full e-flex wpr-particle-no wpr-jarallax-no wpr-parallax-no wpr-sticky-section-no e-con e-child\" data-id=\"3732b7f\" data-element_type=\"container\">\n\t\t\t\t<div class=\"elementor-element elementor-element-ed4534d elementor-widget elementor-widget-text-editor\" data-id=\"ed4534d\" data-element_type=\"widget\" data-widget_type=\"text-editor.default\">\n\t\t\t\t<div class=\"elementor-widget-container\">\n\t\t\t\t\t\t\t\t\t<p>O escr\u00edbeme al correo:<\/p>\n<p>martinadesolminihac@gmail.com<\/p>\t\t\t\t\t\t\t\t<\/div>\n\t\t\t\t<\/div>\n\t\t\t\t<\/div>\n\t\t\t\t<\/div>\n\t\t<div class=\"elementor-element elementor-element-a62d94f e-con-full e-flex wpr-particle-no wpr-jarallax-no wpr-parallax-no wpr-sticky-section-no e-con e-child\" data-id=\"a62d94f\" data-element_type=\"container\">\n\t\t\t\t<div class=\"elementor-element elementor-element-2be91cd elementor-widget__width-initial elementor-widget elementor-widget-heading\" data-id=\"2be91cd\" data-element_type=\"widget\" data-widget_type=\"heading.default\">\n\t\t\t\t<div class=\"elementor-widget-container\">\n\t\t\t\t\t<h2 class=\"elementor-heading-title elementor-size-default\">\u00a1Gracias por ver mi portafolio!<\/h2>\t\t\t\t<\/div>\n\t\t\t\t<\/div>\n\t\t<div class=\"elementor-element elementor-element-9307091 e-con-full e-flex wpr-particle-no wpr-jarallax-no wpr-parallax-no wpr-sticky-section-no e-con e-child\" data-id=\"9307091\" data-element_type=\"container\">\n\t\t<div class=\"elementor-element elementor-element-58ab2d1 e-con-full e-flex wpr-particle-no wpr-jarallax-no wpr-parallax-no wpr-sticky-section-no e-con e-child\" data-id=\"58ab2d1\" data-element_type=\"container\">\n\t\t\t\t<div class=\"elementor-element elementor-element-fa14866 elementor-widget elementor-widget-image\" data-id=\"fa14866\" data-element_type=\"widget\" data-widget_type=\"image.default\">\n\t\t\t\t<div class=\"elementor-widget-container\">\n\t\t\t\t\t\t\t\t\t\t\t\t\t\t\t\t<a href=\"https:\/\/www.linkedin.com\/in\/martina-de-solminihac-dachs-a47288313\/\">\n\t\t\t\t\t\t\t<img decoding=\"async\" width=\"152\" height=\"130\" src=\"https:\/\/martinadesol.cl\/wp-content\/uploads\/2025\/05\/Captura-de-pantalla-2025-05-08-a-las-10.44.55\u202fp.m.png\" class=\"attachment-large size-large wp-image-701\" alt=\"\" \/>\t\t\t\t\t\t\t\t<\/a>\n\t\t\t\t\t\t\t\t\t\t\t\t\t\t\t<\/div>\n\t\t\t\t<\/div>\n\t\t\t\t<\/div>\n\t\t<div class=\"elementor-element elementor-element-23b8a50 e-con-full e-flex wpr-particle-no wpr-jarallax-no wpr-parallax-no wpr-sticky-section-no e-con e-child\" data-id=\"23b8a50\" data-element_type=\"container\">\n\t\t\t\t<div class=\"elementor-element elementor-element-f8a6ec4 elementor-widget elementor-widget-image\" data-id=\"f8a6ec4\" data-element_type=\"widget\" data-widget_type=\"image.default\">\n\t\t\t\t<div class=\"elementor-widget-container\">\n\t\t\t\t\t\t\t\t\t\t\t\t\t\t\t\t<a href=\"https:\/\/www.instagram.com\/m_desolminihac\/\">\n\t\t\t\t\t\t\t<img decoding=\"async\" width=\"132\" height=\"126\" src=\"https:\/\/martinadesol.cl\/wp-content\/uploads\/2025\/05\/Captura-de-pantalla-2025-05-08-a-las-10.45.09\u202fp.m.png\" class=\"attachment-large size-large wp-image-702\" alt=\"\" \/>\t\t\t\t\t\t\t\t<\/a>\n\t\t\t\t\t\t\t\t\t\t\t\t\t\t\t<\/div>\n\t\t\t\t<\/div>\n\t\t\t\t<\/div>\n\t\t<div class=\"elementor-element elementor-element-3769f9d e-con-full e-flex wpr-particle-no wpr-jarallax-no wpr-parallax-no wpr-sticky-section-no e-con e-child\" data-id=\"3769f9d\" data-element_type=\"container\">\n\t\t\t\t<div class=\"elementor-element elementor-element-130c2fb elementor-widget elementor-widget-image\" data-id=\"130c2fb\" data-element_type=\"widget\" data-widget_type=\"image.default\">\n\t\t\t\t<div class=\"elementor-widget-container\">\n\t\t\t\t\t\t\t\t\t\t\t\t\t\t\t\t<a href=\"https:\/\/www.behance.net\/martinadesolm\">\n\t\t\t\t\t\t\t<img fetchpriority=\"high\" decoding=\"async\" width=\"348\" height=\"284\" src=\"https:\/\/martinadesol.cl\/wp-content\/uploads\/2025\/05\/Captura-de-pantalla-2025-05-08-a-las-10.49.16\u202fp.m.png\" class=\"attachment-large size-large wp-image-704\" alt=\"\" srcset=\"https:\/\/martinadesol.cl\/wp-content\/uploads\/2025\/05\/Captura-de-pantalla-2025-05-08-a-las-10.49.16\u202fp.m.png 348w, https:\/\/martinadesol.cl\/wp-content\/uploads\/2025\/05\/Captura-de-pantalla-2025-05-08-a-las-10.49.16\u202fp.m-300x245.png 300w\" sizes=\"(max-width: 348px) 100vw, 348px\" \/>\t\t\t\t\t\t\t\t<\/a>\n\t\t\t\t\t\t\t\t\t\t\t\t\t\t\t<\/div>\n\t\t\t\t<\/div>\n\t\t\t\t<\/div>\n\t\t\t\t<\/div>\n\t\t\t\t<\/div>\n\t\t\t\t\t<\/div>\n\t\t\t\t<\/div>\n\t\t<div class=\"elementor-element elementor-element-8fe4387 e-flex e-con-boxed wpr-particle-no wpr-jarallax-no wpr-parallax-no wpr-sticky-section-no e-con e-parent\" data-id=\"8fe4387\" data-element_type=\"container\">\n\t\t\t\t\t<div class=\"e-con-inner\">\n\t\t\t\t<div class=\"elementor-element elementor-element-bcd97e2 elementor-button-info elementor-align-center elementor-widget__width-initial elementor-widget elementor-widget-button\" data-id=\"bcd97e2\" data-element_type=\"widget\" data-widget_type=\"button.default\">\n\t\t\t\t<div class=\"elementor-widget-container\">\n\t\t\t\t\t\t\t\t\t<div class=\"elementor-button-wrapper\">\n\t\t\t\t\t<a class=\"elementor-button elementor-button-link elementor-size-sm\" href=\"https:\/\/martinadesol.cl\/#seccion-contacto\">\n\t\t\t\t\t\t<span class=\"elementor-button-content-wrapper\">\n\t\t\t\t\t\t\t\t\t<span class=\"elementor-button-text\">crea tu dise\u00f1o ahora<\/span>\n\t\t\t\t\t<\/span>\n\t\t\t\t\t<\/a>\n\t\t\t\t<\/div>\n\t\t\t\t\t\t\t\t<\/div>\n\t\t\t\t<\/div>\n\t\t\t\t\t<\/div>\n\t\t\t\t<\/div>\n\t\t<div class=\"elementor-element elementor-element-0ab7c86 e-con-full e-flex wpr-particle-no wpr-jarallax-no wpr-parallax-no wpr-sticky-section-no e-con e-parent\" data-id=\"0ab7c86\" data-element_type=\"container\">\n\t\t<div class=\"elementor-element elementor-element-e359dfd e-con-full e-flex wpr-particle-no wpr-jarallax-no wpr-parallax-no wpr-sticky-section-no e-con e-child\" data-id=\"e359dfd\" data-element_type=\"container\" data-settings=\"{&quot;background_background&quot;:&quot;classic&quot;}\">\n\t\t\t\t<div class=\"elementor-element elementor-element-a406864 wpr-main-menu-align-left wpr-main-menu-align--tabletleft wpr-main-menu-align--mobileleft wpr-pointer-underline wpr-pointer-line-fx wpr-pointer-fx-fade wpr-sub-icon-caret-down wpr-sub-menu-fx-fade wpr-nav-menu-bp-mobile wpr-mobile-menu-full-width wpr-mobile-menu-item-align-center wpr-mobile-toggle-v1 wpr-sub-divider-yes wpr-mobile-divider-yes elementor-widget elementor-widget-wpr-nav-menu\" data-id=\"a406864\" data-element_type=\"widget\" data-settings=\"{&quot;menu_layout&quot;:&quot;horizontal&quot;}\" data-widget_type=\"wpr-nav-menu.default\">\n\t\t\t\t<div class=\"elementor-widget-container\">\n\t\t\t\t\t<nav class=\"wpr-nav-menu-container wpr-nav-menu-horizontal\" data-trigger=\"hover\"><ul id=\"menu-1-a406864\" class=\"wpr-nav-menu\"><li class=\"menu-item menu-item-type-post_type menu-item-object-page menu-item-home menu-item-176\"><a href=\"https:\/\/martinadesol.cl\/\" class=\"wpr-menu-item wpr-pointer-item\">Inicio<\/a><\/li>\n<li class=\"menu-item menu-item-type-post_type menu-item-object-page menu-item-has-children menu-item-174\"><a href=\"https:\/\/martinadesol.cl\/?page_id=57\" class=\"wpr-menu-item wpr-pointer-item\">Proyectos<i class=\"wpr-sub-icon fas\" aria-hidden=\"true\"><\/i><\/a>\n<ul class=\"sub-menu wpr-sub-menu\">\n\t<li class=\"menu-item menu-item-type-post_type menu-item-object-page menu-item-172\"><a href=\"https:\/\/martinadesol.cl\/?page_id=154\" class=\"wpr-sub-menu-item\">Ilustraci\u00f3n<\/a><\/li>\n\t<li class=\"menu-item menu-item-type-post_type menu-item-object-page menu-item-170\"><a href=\"https:\/\/martinadesol.cl\/?page_id=167\" class=\"wpr-sub-menu-item\">Identidad Visual<\/a><\/li>\n\t<li class=\"menu-item menu-item-type-post_type menu-item-object-page menu-item-171\"><a href=\"https:\/\/martinadesol.cl\/?page_id=164\" class=\"wpr-sub-menu-item\">Editorial<\/a><\/li>\n\t<li class=\"menu-item menu-item-type-post_type menu-item-object-page menu-item-213\"><a href=\"https:\/\/martinadesol.cl\/?page_id=211\" class=\"wpr-sub-menu-item\">Branding<\/a><\/li>\n\t<li class=\"menu-item menu-item-type-post_type menu-item-object-page menu-item-214\"><a href=\"https:\/\/martinadesol.cl\/?page_id=209\" class=\"wpr-sub-menu-item\">Motion Graphics<\/a><\/li>\n<\/ul>\n<\/li>\n<li class=\"menu-item menu-item-type-post_type menu-item-object-page menu-item-173\"><a href=\"https:\/\/martinadesol.cl\/?page_id=59\" class=\"wpr-menu-item wpr-pointer-item\">Contacto<\/a><\/li>\n<li class=\"menu-item menu-item-type-post_type menu-item-object-page menu-item-175\"><a href=\"https:\/\/martinadesol.cl\/?page_id=53\" class=\"wpr-menu-item wpr-pointer-item\">Sobre m\u00ed<\/a><\/li>\n<\/ul><\/nav><nav class=\"wpr-mobile-nav-menu-container\"><div class=\"wpr-mobile-toggle-wrap\"><div class=\"wpr-mobile-toggle\"><span class=\"wpr-mobile-toggle-line\"><\/span><span class=\"wpr-mobile-toggle-line\"><\/span><span class=\"wpr-mobile-toggle-line\"><\/span><\/div><\/div><ul id=\"mobile-menu-2-a406864\" class=\"wpr-mobile-nav-menu\"><li class=\"menu-item menu-item-type-post_type menu-item-object-page menu-item-home menu-item-176\"><a href=\"https:\/\/martinadesol.cl\/\" class=\"wpr-mobile-menu-item\">Inicio<\/a><\/li>\n<li class=\"menu-item menu-item-type-post_type menu-item-object-page menu-item-has-children menu-item-174\"><a href=\"https:\/\/martinadesol.cl\/?page_id=57\" class=\"wpr-mobile-menu-item\">Proyectos<\/a>\n<ul class=\"sub-menu wpr-sub-menu\">\n\t<li class=\"menu-item menu-item-type-post_type menu-item-object-page menu-item-172\"><a href=\"https:\/\/martinadesol.cl\/?page_id=154\" class=\"wpr-mobile-sub-menu-item\">Ilustraci\u00f3n<\/a><\/li>\n\t<li class=\"menu-item menu-item-type-post_type menu-item-object-page menu-item-170\"><a href=\"https:\/\/martinadesol.cl\/?page_id=167\" class=\"wpr-mobile-sub-menu-item\">Identidad Visual<\/a><\/li>\n\t<li class=\"menu-item menu-item-type-post_type menu-item-object-page menu-item-171\"><a href=\"https:\/\/martinadesol.cl\/?page_id=164\" class=\"wpr-mobile-sub-menu-item\">Editorial<\/a><\/li>\n\t<li class=\"menu-item menu-item-type-post_type menu-item-object-page menu-item-213\"><a href=\"https:\/\/martinadesol.cl\/?page_id=211\" class=\"wpr-mobile-sub-menu-item\">Branding<\/a><\/li>\n\t<li class=\"menu-item menu-item-type-post_type menu-item-object-page menu-item-214\"><a href=\"https:\/\/martinadesol.cl\/?page_id=209\" class=\"wpr-mobile-sub-menu-item\">Motion Graphics<\/a><\/li>\n<\/ul>\n<\/li>\n<li class=\"menu-item menu-item-type-post_type menu-item-object-page menu-item-173\"><a href=\"https:\/\/martinadesol.cl\/?page_id=59\" class=\"wpr-mobile-menu-item\">Contacto<\/a><\/li>\n<li class=\"menu-item menu-item-type-post_type menu-item-object-page menu-item-175\"><a href=\"https:\/\/martinadesol.cl\/?page_id=53\" class=\"wpr-mobile-menu-item\">Sobre m\u00ed<\/a><\/li>\n<\/ul><\/nav>\t\t\t\t<\/div>\n\t\t\t\t<\/div>\n\t\t\t\t<\/div>\n\t\t\t\t<\/div>\n\t\t\t\t<\/div>\n\t\t","protected":false},"excerpt":{"rendered":"<p>2025 Martina De Solminihac Dachs \u00a1Si estas buscando una dise\u00f1adora gr\u00e1fica que sea meticulosa, preocupada, creativa y comprometida, no dudes en contactarme!Creemos la idea o sue\u00f1o que llevas en mente y juntos hacerlo algo memorable. O escr\u00edbeme al correo: martinadesolminihac@gmail.com \u00a1Gracias por ver mi portafolio! crea tu dise\u00f1o ahora Inicio Proyectos Ilustraci\u00f3n Identidad Visual Editorial Branding Motion Graphics Contacto Sobre m\u00ed Inicio Proyectos Ilustraci\u00f3n Identidad Visual Editorial Branding Motion Graphics Contacto Sobre m\u00ed<\/p>\n","protected":false},"author":1,"featured_media":0,"parent":0,"menu_order":0,"comment_status":"closed","ping_status":"closed","template":"elementor_canvas","meta":{"footnotes":""},"class_list":["post-59","page","type-page","status-publish","hentry"],"_links":{"self":[{"href":"https:\/\/martinadesol.cl\/index.php?rest_route=\/wp\/v2\/pages\/59","targetHints":{"allow":["GET"]}}],"collection":[{"href":"https:\/\/martinadesol.cl\/index.php?rest_route=\/wp\/v2\/pages"}],"about":[{"href":"https:\/\/martinadesol.cl\/index.php?rest_route=\/wp\/v2\/types\/page"}],"author":[{"embeddable":true,"href":"https:\/\/martinadesol.cl\/index.php?rest_route=\/wp\/v2\/users\/1"}],"replies":[{"embeddable":true,"href":"https:\/\/martinadesol.cl\/index.php?rest_route=%2Fwp%2Fv2%2Fcomments&post=59"}],"version-history":[{"count":58,"href":"https:\/\/martinadesol.cl\/index.php?rest_route=\/wp\/v2\/pages\/59\/revisions"}],"predecessor-version":[{"id":756,"href":"https:\/\/martinadesol.cl\/index.php?rest_route=\/wp\/v2\/pages\/59\/revisions\/756"}],"wp:attachment":[{"href":"https:\/\/martinadesol.cl\/index.php?rest_route=%2Fwp%2Fv2%2Fmedia&parent=59"}],"curies":[{"name":"wp","href":"https:\/\/api.w.org\/{rel}","templated":true}]}}