{"id":53,"date":"2025-04-28T13:03:10","date_gmt":"2025-04-28T13:03:10","guid":{"rendered":"https:\/\/martinadesol.cl\/?page_id=53"},"modified":"2025-05-09T02:00:46","modified_gmt":"2025-05-09T02:00:46","slug":"sobre-mi","status":"publish","type":"page","link":"https:\/\/martinadesol.cl\/?page_id=53","title":{"rendered":"Sobre m\u00ed"},"content":{"rendered":"\t\t<div data-elementor-type=\"wp-page\" data-elementor-id=\"53\" class=\"elementor elementor-53\">\n\t\t\t\t<div class=\"elementor-element elementor-element-64bd36f e-flex e-con-boxed wpr-particle-no wpr-jarallax-no wpr-parallax-no wpr-sticky-section-no e-con e-parent\" data-id=\"64bd36f\" data-element_type=\"container\">\n\t\t\t\t\t<div class=\"e-con-inner\">\n\t\t<div class=\"elementor-element elementor-element-f320d5a e-con-full e-flex wpr-particle-no wpr-jarallax-no wpr-parallax-no wpr-sticky-section-no e-con e-child\" data-id=\"f320d5a\" data-element_type=\"container\">\n\t\t\t\t<div class=\"elementor-element elementor-element-d5734d3 elementor-widget elementor-widget-heading\" data-id=\"d5734d3\" data-element_type=\"widget\" data-widget_type=\"heading.default\">\n\t\t\t\t<div class=\"elementor-widget-container\">\n\t\t\t\t\t<h2 class=\"elementor-heading-title elementor-size-default\">2025<\/h2>\t\t\t\t<\/div>\n\t\t\t\t<\/div>\n\t\t\t\t<\/div>\n\t\t<div class=\"elementor-element elementor-element-ce66c81 e-con-full e-flex wpr-particle-no wpr-jarallax-no wpr-parallax-no wpr-sticky-section-no e-con e-child\" data-id=\"ce66c81\" data-element_type=\"container\">\n\t\t\t\t<div class=\"elementor-element elementor-element-4ad3872 elementor-widget elementor-widget-heading\" data-id=\"4ad3872\" data-element_type=\"widget\" data-widget_type=\"heading.default\">\n\t\t\t\t<div class=\"elementor-widget-container\">\n\t\t\t\t\t<h2 class=\"elementor-heading-title elementor-size-default\">Martina De Solminihac Dachs<\/h2>\t\t\t\t<\/div>\n\t\t\t\t<\/div>\n\t\t\t\t<\/div>\n\t\t\t\t\t<\/div>\n\t\t\t\t<\/div>\n\t\t<div class=\"elementor-element elementor-element-b3ea79d e-flex e-con-boxed wpr-particle-no wpr-jarallax-no wpr-parallax-no wpr-sticky-section-no e-con e-parent\" data-id=\"b3ea79d\" data-element_type=\"container\">\n\t\t\t\t\t<div class=\"e-con-inner\">\n\t\t<div class=\"elementor-element elementor-element-3e177e1 e-con-full e-flex wpr-particle-no wpr-jarallax-no wpr-parallax-no wpr-sticky-section-no e-con e-child\" data-id=\"3e177e1\" data-element_type=\"container\">\n\t\t\t\t<div class=\"elementor-element elementor-element-c0f1a58 elementor-widget__width-initial elementor-widget elementor-widget-heading\" data-id=\"c0f1a58\" data-element_type=\"widget\" data-widget_type=\"heading.default\">\n\t\t\t\t<div class=\"elementor-widget-container\">\n\t\t\t\t\t<h2 class=\"elementor-heading-title elementor-size-default\">Martina<br>De Solminihac Dachs<br><br><p style=\"font-family: &quot;Fragment Mono&quot;, sans-serif; font-size: 16px; white-space-collapse: collapse;\"><span style=\"white-space-collapse: preserve;\">\u00a1Hola! Me llamo Martina De Solminihac Dachs y soy estudiante de cuarto a\u00f1o de la Universidad del Desarrollo.<\/span><\/p><p style=\"font-family: &quot;Fragment Mono&quot;, sans-serif; font-size: 16px; white-space-collapse: collapse;\"><span style=\"white-space-collapse: preserve;\">Me gusta mucho la direcci\u00f3n de arte, la ilustraci\u00f3n,la fotograf\u00eda, el bordado, la lectura y el dise\u00f1o.<\/span><\/p><p style=\"font-family: &quot;Fragment Mono&quot;, sans-serif; font-size: 16px; white-space-collapse: collapse;\"><span style=\"white-space-collapse: preserve;\">Como dise\u00f1adora, siempre busco hacer propuestas innovadoras <\/span><span style=\"white-space-collapse: preserve;\">y con ellas crear proyectos que dejen una huella.<\/span><\/p><\/h2>\t\t\t\t<\/div>\n\t\t\t\t<\/div>\n\t\t\t\t<\/div>\n\t\t<div class=\"elementor-element elementor-element-0a68bfd e-con-full e-flex wpr-particle-no wpr-jarallax-no wpr-parallax-no wpr-sticky-section-no e-con e-child\" data-id=\"0a68bfd\" data-element_type=\"container\">\n\t\t\t\t<div class=\"elementor-element elementor-element-cb66757 elementor-widget elementor-widget-image\" data-id=\"cb66757\" data-element_type=\"widget\" data-widget_type=\"image.default\">\n\t\t\t\t<div class=\"elementor-widget-container\">\n\t\t\t\t\t\t\t\t\t\t\t\t\t\t\t<img fetchpriority=\"high\" decoding=\"async\" width=\"800\" height=\"769\" src=\"https:\/\/martinadesol.cl\/wp-content\/uploads\/2025\/05\/Captura-de-pantalla-2025-04-29-a-las-10.03.15\u202fa.m.png\" class=\"attachment-large size-large wp-image-216\" alt=\"\" srcset=\"https:\/\/martinadesol.cl\/wp-content\/uploads\/2025\/05\/Captura-de-pantalla-2025-04-29-a-las-10.03.15\u202fa.m.png 944w, https:\/\/martinadesol.cl\/wp-content\/uploads\/2025\/05\/Captura-de-pantalla-2025-04-29-a-las-10.03.15\u202fa.m-300x289.png 300w, https:\/\/martinadesol.cl\/wp-content\/uploads\/2025\/05\/Captura-de-pantalla-2025-04-29-a-las-10.03.15\u202fa.m-768x739.png 768w\" sizes=\"(max-width: 800px) 100vw, 800px\" \/>\t\t\t\t\t\t\t\t\t\t\t\t\t\t\t<\/div>\n\t\t\t\t<\/div>\n\t\t\t\t<\/div>\n\t\t\t\t\t<\/div>\n\t\t\t\t<\/div>\n\t\t<div class=\"elementor-element elementor-element-068cee7 e-con-full e-flex wpr-particle-no wpr-jarallax-no wpr-parallax-no wpr-sticky-section-no e-con e-parent\" data-id=\"068cee7\" data-element_type=\"container\">\n\t\t<div class=\"elementor-element elementor-element-cb76b6e e-con-full e-flex wpr-particle-no wpr-jarallax-no wpr-parallax-no wpr-sticky-section-no e-con e-child\" data-id=\"cb76b6e\" data-element_type=\"container\" data-settings=\"{&quot;background_background&quot;:&quot;classic&quot;}\">\n\t\t\t\t<div class=\"elementor-element elementor-element-e8c04a2 wpr-main-menu-align-center wpr-main-menu-align--tabletleft wpr-main-menu-align--mobileleft wpr-pointer-underline wpr-pointer-line-fx wpr-pointer-fx-fade wpr-sub-icon-caret-down wpr-sub-menu-fx-fade wpr-nav-menu-bp-mobile wpr-mobile-menu-full-width wpr-mobile-menu-item-align-center wpr-mobile-toggle-v1 wpr-sub-divider-yes wpr-mobile-divider-yes elementor-widget elementor-widget-wpr-nav-menu\" data-id=\"e8c04a2\" data-element_type=\"widget\" data-settings=\"{&quot;menu_layout&quot;:&quot;horizontal&quot;}\" data-widget_type=\"wpr-nav-menu.default\">\n\t\t\t\t<div class=\"elementor-widget-container\">\n\t\t\t\t\t<nav class=\"wpr-nav-menu-container wpr-nav-menu-horizontal\" data-trigger=\"hover\"><ul id=\"menu-1-e8c04a2\" class=\"wpr-nav-menu\"><li class=\"menu-item menu-item-type-post_type menu-item-object-page menu-item-home menu-item-176\"><a href=\"https:\/\/martinadesol.cl\/\" class=\"wpr-menu-item wpr-pointer-item\">Inicio<\/a><\/li>\n<li class=\"menu-item menu-item-type-post_type menu-item-object-page menu-item-has-children menu-item-174\"><a href=\"https:\/\/martinadesol.cl\/?page_id=57\" class=\"wpr-menu-item wpr-pointer-item\">Proyectos<i class=\"wpr-sub-icon fas\" aria-hidden=\"true\"><\/i><\/a>\n<ul class=\"sub-menu wpr-sub-menu\">\n\t<li class=\"menu-item menu-item-type-post_type menu-item-object-page menu-item-172\"><a href=\"https:\/\/martinadesol.cl\/?page_id=154\" class=\"wpr-sub-menu-item\">Ilustraci\u00f3n<\/a><\/li>\n\t<li class=\"menu-item menu-item-type-post_type menu-item-object-page menu-item-170\"><a href=\"https:\/\/martinadesol.cl\/?page_id=167\" class=\"wpr-sub-menu-item\">Identidad Visual<\/a><\/li>\n\t<li class=\"menu-item menu-item-type-post_type menu-item-object-page menu-item-171\"><a href=\"https:\/\/martinadesol.cl\/?page_id=164\" class=\"wpr-sub-menu-item\">Editorial<\/a><\/li>\n\t<li class=\"menu-item menu-item-type-post_type menu-item-object-page menu-item-213\"><a href=\"https:\/\/martinadesol.cl\/?page_id=211\" class=\"wpr-sub-menu-item\">Branding<\/a><\/li>\n\t<li class=\"menu-item menu-item-type-post_type menu-item-object-page menu-item-214\"><a href=\"https:\/\/martinadesol.cl\/?page_id=209\" class=\"wpr-sub-menu-item\">Motion Graphics<\/a><\/li>\n<\/ul>\n<\/li>\n<li class=\"menu-item menu-item-type-post_type menu-item-object-page menu-item-173\"><a href=\"https:\/\/martinadesol.cl\/?page_id=59\" class=\"wpr-menu-item wpr-pointer-item\">Contacto<\/a><\/li>\n<li class=\"menu-item menu-item-type-post_type menu-item-object-page menu-item-175\"><a href=\"https:\/\/martinadesol.cl\/?page_id=53\" class=\"wpr-menu-item wpr-pointer-item\">Sobre m\u00ed<\/a><\/li>\n<\/ul><\/nav><nav class=\"wpr-mobile-nav-menu-container\"><div class=\"wpr-mobile-toggle-wrap\"><div class=\"wpr-mobile-toggle\"><span class=\"wpr-mobile-toggle-line\"><\/span><span class=\"wpr-mobile-toggle-line\"><\/span><span class=\"wpr-mobile-toggle-line\"><\/span><\/div><\/div><ul id=\"mobile-menu-2-e8c04a2\" class=\"wpr-mobile-nav-menu\"><li class=\"menu-item menu-item-type-post_type menu-item-object-page menu-item-home menu-item-176\"><a href=\"https:\/\/martinadesol.cl\/\" class=\"wpr-mobile-menu-item\">Inicio<\/a><\/li>\n<li class=\"menu-item menu-item-type-post_type menu-item-object-page menu-item-has-children menu-item-174\"><a href=\"https:\/\/martinadesol.cl\/?page_id=57\" class=\"wpr-mobile-menu-item\">Proyectos<\/a>\n<ul class=\"sub-menu wpr-sub-menu\">\n\t<li class=\"menu-item menu-item-type-post_type menu-item-object-page menu-item-172\"><a href=\"https:\/\/martinadesol.cl\/?page_id=154\" class=\"wpr-mobile-sub-menu-item\">Ilustraci\u00f3n<\/a><\/li>\n\t<li class=\"menu-item menu-item-type-post_type menu-item-object-page menu-item-170\"><a href=\"https:\/\/martinadesol.cl\/?page_id=167\" class=\"wpr-mobile-sub-menu-item\">Identidad Visual<\/a><\/li>\n\t<li class=\"menu-item menu-item-type-post_type menu-item-object-page menu-item-171\"><a href=\"https:\/\/martinadesol.cl\/?page_id=164\" class=\"wpr-mobile-sub-menu-item\">Editorial<\/a><\/li>\n\t<li class=\"menu-item menu-item-type-post_type menu-item-object-page menu-item-213\"><a href=\"https:\/\/martinadesol.cl\/?page_id=211\" class=\"wpr-mobile-sub-menu-item\">Branding<\/a><\/li>\n\t<li class=\"menu-item menu-item-type-post_type menu-item-object-page menu-item-214\"><a href=\"https:\/\/martinadesol.cl\/?page_id=209\" class=\"wpr-mobile-sub-menu-item\">Motion Graphics<\/a><\/li>\n<\/ul>\n<\/li>\n<li class=\"menu-item menu-item-type-post_type menu-item-object-page menu-item-173\"><a href=\"https:\/\/martinadesol.cl\/?page_id=59\" class=\"wpr-mobile-menu-item\">Contacto<\/a><\/li>\n<li class=\"menu-item menu-item-type-post_type menu-item-object-page menu-item-175\"><a href=\"https:\/\/martinadesol.cl\/?page_id=53\" class=\"wpr-mobile-menu-item\">Sobre m\u00ed<\/a><\/li>\n<\/ul><\/nav>\t\t\t\t<\/div>\n\t\t\t\t<\/div>\n\t\t\t\t<\/div>\n\t\t\t\t<\/div>\n\t\t\t\t<\/div>\n\t\t","protected":false},"excerpt":{"rendered":"<p>2025 Martina De Solminihac Dachs MartinaDe Solminihac Dachs \u00a1Hola! Me llamo Martina De Solminihac Dachs y soy estudiante de cuarto a\u00f1o de la Universidad del Desarrollo. Me gusta mucho la direcci\u00f3n de arte, la ilustraci\u00f3n,la fotograf\u00eda, el bordado, la lectura y el dise\u00f1o. Como dise\u00f1adora, siempre busco hacer propuestas innovadoras y con ellas crear proyectos que dejen una huella. Inicio Contacto Proyectos Ilustraci\u00f3n Identidad Visual Editorial Branding Motion Graphics Sobre m\u00ed Inicio Contacto Proyectos Ilustraci\u00f3n Identidad Visual Editorial Branding Motion Graphics Sobre m\u00ed<\/p>\n","protected":false},"author":1,"featured_media":0,"parent":0,"menu_order":0,"comment_status":"closed","ping_status":"closed","template":"elementor_canvas","meta":{"footnotes":""},"class_list":["post-53","page","type-page","status-publish","hentry"],"_links":{"self":[{"href":"https:\/\/martinadesol.cl\/index.php?rest_route=\/wp\/v2\/pages\/53","targetHints":{"allow":["GET"]}}],"collection":[{"href":"https:\/\/martinadesol.cl\/index.php?rest_route=\/wp\/v2\/pages"}],"about":[{"href":"https:\/\/martinadesol.cl\/index.php?rest_route=\/wp\/v2\/types\/page"}],"author":[{"embeddable":true,"href":"https:\/\/martinadesol.cl\/index.php?rest_route=\/wp\/v2\/users\/1"}],"replies":[{"embeddable":true,"href":"https:\/\/martinadesol.cl\/index.php?rest_route=%2Fwp%2Fv2%2Fcomments&post=53"}],"version-history":[{"count":28,"href":"https:\/\/martinadesol.cl\/index.php?rest_route=\/wp\/v2\/pages\/53\/revisions"}],"predecessor-version":[{"id":657,"href":"https:\/\/martinadesol.cl\/index.php?rest_route=\/wp\/v2\/pages\/53\/revisions\/657"}],"wp:attachment":[{"href":"https:\/\/martinadesol.cl\/index.php?rest_route=%2Fwp%2Fv2%2Fmedia&parent=53"}],"curies":[{"name":"wp","href":"https:\/\/api.w.org\/{rel}","templated":true}]}}