{"id":211,"date":"2025-05-05T00:21:46","date_gmt":"2025-05-05T00:21:46","guid":{"rendered":"https:\/\/martinadesol.cl\/?page_id=211"},"modified":"2025-05-09T00:49:06","modified_gmt":"2025-05-09T00:49:06","slug":"branding","status":"publish","type":"page","link":"https:\/\/martinadesol.cl\/?page_id=211","title":{"rendered":"Branding"},"content":{"rendered":"\t\t<div data-elementor-type=\"wp-page\" data-elementor-id=\"211\" class=\"elementor elementor-211\">\n\t\t\t\t<div class=\"elementor-element elementor-element-7b33d01 e-flex e-con-boxed wpr-particle-no wpr-jarallax-no wpr-parallax-no wpr-sticky-section-no e-con e-parent\" data-id=\"7b33d01\" data-element_type=\"container\">\n\t\t\t\t\t<div class=\"e-con-inner\">\n\t\t<div class=\"elementor-element elementor-element-92d4e27 e-con-full e-flex wpr-particle-no wpr-jarallax-no wpr-parallax-no wpr-sticky-section-no e-con e-child\" data-id=\"92d4e27\" data-element_type=\"container\">\n\t\t\t\t<div class=\"elementor-element elementor-element-7edf5a4 elementor-widget elementor-widget-heading\" data-id=\"7edf5a4\" data-element_type=\"widget\" data-widget_type=\"heading.default\">\n\t\t\t\t<div class=\"elementor-widget-container\">\n\t\t\t\t\t<h2 class=\"elementor-heading-title elementor-size-default\">2025<\/h2>\t\t\t\t<\/div>\n\t\t\t\t<\/div>\n\t\t\t\t<\/div>\n\t\t<div class=\"elementor-element elementor-element-a384d2e e-con-full e-flex wpr-particle-no wpr-jarallax-no wpr-parallax-no wpr-sticky-section-no e-con e-child\" data-id=\"a384d2e\" data-element_type=\"container\">\n\t\t\t\t<div class=\"elementor-element elementor-element-14e53b7 elementor-widget elementor-widget-heading\" data-id=\"14e53b7\" data-element_type=\"widget\" data-widget_type=\"heading.default\">\n\t\t\t\t<div class=\"elementor-widget-container\">\n\t\t\t\t\t<h2 class=\"elementor-heading-title elementor-size-default\">Martina De Solminihac Dachs<\/h2>\t\t\t\t<\/div>\n\t\t\t\t<\/div>\n\t\t\t\t<\/div>\n\t\t\t\t\t<\/div>\n\t\t\t\t<\/div>\n\t\t<div class=\"elementor-element elementor-element-eb94747 e-flex e-con-boxed wpr-particle-no wpr-jarallax-no wpr-parallax-no wpr-sticky-section-no e-con e-parent\" data-id=\"eb94747\" data-element_type=\"container\" id=\"seccion-branding\">\n\t\t\t\t\t<div class=\"e-con-inner\">\n\t\t\t\t<div class=\"elementor-element elementor-element-10c0825 elementor-widget elementor-widget-heading\" data-id=\"10c0825\" data-element_type=\"widget\" data-widget_type=\"heading.default\">\n\t\t\t\t<div class=\"elementor-widget-container\">\n\t\t\t\t\t<h2 class=\"elementor-heading-title elementor-size-default\">Meine Puppe<\/h2>\t\t\t\t<\/div>\n\t\t\t\t<\/div>\n\t\t\t\t\t<\/div>\n\t\t\t\t<\/div>\n\t\t<div class=\"elementor-element elementor-element-b6357a5 e-flex e-con-boxed wpr-particle-no wpr-jarallax-no wpr-parallax-no wpr-sticky-section-no e-con e-parent\" data-id=\"b6357a5\" data-element_type=\"container\">\n\t\t\t\t\t<div class=\"e-con-inner\">\n\t\t\t\t<div class=\"elementor-element elementor-element-825cdb7 elementor-widget elementor-widget-image\" data-id=\"825cdb7\" data-element_type=\"widget\" data-widget_type=\"image.default\">\n\t\t\t\t<div class=\"elementor-widget-container\">\n\t\t\t\t\t\t\t\t\t\t\t\t\t\t\t<img fetchpriority=\"high\" decoding=\"async\" width=\"768\" height=\"590\" src=\"https:\/\/martinadesol.cl\/wp-content\/uploads\/2025\/05\/vinooos-768x590.png\" class=\"attachment-medium_large size-medium_large wp-image-354\" alt=\"\" srcset=\"https:\/\/martinadesol.cl\/wp-content\/uploads\/2025\/05\/vinooos-768x590.png 768w, https:\/\/martinadesol.cl\/wp-content\/uploads\/2025\/05\/vinooos-300x230.png 300w, https:\/\/martinadesol.cl\/wp-content\/uploads\/2025\/05\/vinooos-1024x786.png 1024w, https:\/\/martinadesol.cl\/wp-content\/uploads\/2025\/05\/vinooos.png 1440w\" sizes=\"(max-width: 768px) 100vw, 768px\" \/>\t\t\t\t\t\t\t\t\t\t\t\t\t\t\t<\/div>\n\t\t\t\t<\/div>\n\t\t\t\t\t<\/div>\n\t\t\t\t<\/div>\n\t\t<div class=\"elementor-element elementor-element-3d67bd1 e-grid e-con-boxed wpr-particle-no wpr-jarallax-no wpr-parallax-no wpr-sticky-section-no e-con e-parent\" data-id=\"3d67bd1\" data-element_type=\"container\">\n\t\t\t\t\t<div class=\"e-con-inner\">\n\t\t\t\t<div class=\"elementor-element elementor-element-85f9996 elementor-widget elementor-widget-image\" data-id=\"85f9996\" data-element_type=\"widget\" data-widget_type=\"image.default\">\n\t\t\t\t<div class=\"elementor-widget-container\">\n\t\t\t\t\t\t\t\t\t\t\t\t\t\t\t<img decoding=\"async\" width=\"682\" height=\"1024\" src=\"https:\/\/martinadesol.cl\/wp-content\/uploads\/2025\/05\/Captura-de-pantalla-2025-05-08-a-las-6.41.01\u202fp.m-682x1024.png\" class=\"attachment-large size-large wp-image-355\" alt=\"\" srcset=\"https:\/\/martinadesol.cl\/wp-content\/uploads\/2025\/05\/Captura-de-pantalla-2025-05-08-a-las-6.41.01\u202fp.m-682x1024.png 682w, https:\/\/martinadesol.cl\/wp-content\/uploads\/2025\/05\/Captura-de-pantalla-2025-05-08-a-las-6.41.01\u202fp.m-200x300.png 200w, https:\/\/martinadesol.cl\/wp-content\/uploads\/2025\/05\/Captura-de-pantalla-2025-05-08-a-las-6.41.01\u202fp.m.png 750w\" sizes=\"(max-width: 682px) 100vw, 682px\" \/>\t\t\t\t\t\t\t\t\t\t\t\t\t\t\t<\/div>\n\t\t\t\t<\/div>\n\t\t\t\t<div class=\"elementor-element elementor-element-df52d42 elementor-widget elementor-widget-image\" data-id=\"df52d42\" data-element_type=\"widget\" data-widget_type=\"image.default\">\n\t\t\t\t<div class=\"elementor-widget-container\">\n\t\t\t\t\t\t\t\t\t\t\t\t\t\t\t<img decoding=\"async\" width=\"682\" height=\"1024\" src=\"https:\/\/martinadesol.cl\/wp-content\/uploads\/2025\/05\/Captura-de-pantalla-2025-05-08-a-las-6.41.33\u202fp.m-682x1024.png\" class=\"attachment-large size-large wp-image-356\" alt=\"\" srcset=\"https:\/\/martinadesol.cl\/wp-content\/uploads\/2025\/05\/Captura-de-pantalla-2025-05-08-a-las-6.41.33\u202fp.m-682x1024.png 682w, https:\/\/martinadesol.cl\/wp-content\/uploads\/2025\/05\/Captura-de-pantalla-2025-05-08-a-las-6.41.33\u202fp.m-200x300.png 200w, https:\/\/martinadesol.cl\/wp-content\/uploads\/2025\/05\/Captura-de-pantalla-2025-05-08-a-las-6.41.33\u202fp.m.png 750w\" sizes=\"(max-width: 682px) 100vw, 682px\" \/>\t\t\t\t\t\t\t\t\t\t\t\t\t\t\t<\/div>\n\t\t\t\t<\/div>\n\t\t\t\t<div class=\"elementor-element elementor-element-1fe5d1e elementor-widget elementor-widget-image\" data-id=\"1fe5d1e\" data-element_type=\"widget\" data-widget_type=\"image.default\">\n\t\t\t\t<div class=\"elementor-widget-container\">\n\t\t\t\t\t\t\t\t\t\t\t\t\t\t\t<img loading=\"lazy\" decoding=\"async\" width=\"678\" height=\"1024\" src=\"https:\/\/martinadesol.cl\/wp-content\/uploads\/2025\/05\/Captura-de-pantalla-2025-05-08-a-las-6.42.19\u202fp.m-678x1024.png\" class=\"attachment-large size-large wp-image-357\" alt=\"\" srcset=\"https:\/\/martinadesol.cl\/wp-content\/uploads\/2025\/05\/Captura-de-pantalla-2025-05-08-a-las-6.42.19\u202fp.m-678x1024.png 678w, https:\/\/martinadesol.cl\/wp-content\/uploads\/2025\/05\/Captura-de-pantalla-2025-05-08-a-las-6.42.19\u202fp.m-199x300.png 199w, https:\/\/martinadesol.cl\/wp-content\/uploads\/2025\/05\/Captura-de-pantalla-2025-05-08-a-las-6.42.19\u202fp.m.png 746w\" sizes=\"(max-width: 678px) 100vw, 678px\" \/>\t\t\t\t\t\t\t\t\t\t\t\t\t\t\t<\/div>\n\t\t\t\t<\/div>\n\t\t\t\t\t<\/div>\n\t\t\t\t<\/div>\n\t\t<div class=\"elementor-element elementor-element-9990d0a e-grid e-con-boxed wpr-particle-no wpr-jarallax-no wpr-parallax-no wpr-sticky-section-no e-con e-parent\" data-id=\"9990d0a\" data-element_type=\"container\">\n\t\t\t\t\t<div class=\"e-con-inner\">\n\t\t\t\t<div class=\"elementor-element elementor-element-a79089f elementor-widget elementor-widget-image\" data-id=\"a79089f\" data-element_type=\"widget\" data-widget_type=\"image.default\">\n\t\t\t\t<div class=\"elementor-widget-container\">\n\t\t\t\t\t\t\t\t\t\t\t\t\t\t\t<img loading=\"lazy\" decoding=\"async\" width=\"792\" height=\"524\" src=\"https:\/\/martinadesol.cl\/wp-content\/uploads\/2025\/05\/Captura-de-pantalla-2025-05-08-a-las-6.49.40\u202fp.m.png\" class=\"attachment-large size-large wp-image-365\" alt=\"\" srcset=\"https:\/\/martinadesol.cl\/wp-content\/uploads\/2025\/05\/Captura-de-pantalla-2025-05-08-a-las-6.49.40\u202fp.m.png 792w, https:\/\/martinadesol.cl\/wp-content\/uploads\/2025\/05\/Captura-de-pantalla-2025-05-08-a-las-6.49.40\u202fp.m-300x198.png 300w, https:\/\/martinadesol.cl\/wp-content\/uploads\/2025\/05\/Captura-de-pantalla-2025-05-08-a-las-6.49.40\u202fp.m-768x508.png 768w\" sizes=\"(max-width: 792px) 100vw, 792px\" \/>\t\t\t\t\t\t\t\t\t\t\t\t\t\t\t<\/div>\n\t\t\t\t<\/div>\n\t\t\t\t<div class=\"elementor-element elementor-element-824e3c8 elementor-widget elementor-widget-image\" data-id=\"824e3c8\" data-element_type=\"widget\" data-widget_type=\"image.default\">\n\t\t\t\t<div class=\"elementor-widget-container\">\n\t\t\t\t\t\t\t\t\t\t\t\t\t\t\t<img loading=\"lazy\" decoding=\"async\" width=\"792\" height=\"524\" src=\"https:\/\/martinadesol.cl\/wp-content\/uploads\/2025\/05\/Captura-de-pantalla-2025-05-08-a-las-6.50.09\u202fp.m.png\" class=\"attachment-large size-large wp-image-367\" alt=\"\" srcset=\"https:\/\/martinadesol.cl\/wp-content\/uploads\/2025\/05\/Captura-de-pantalla-2025-05-08-a-las-6.50.09\u202fp.m.png 792w, https:\/\/martinadesol.cl\/wp-content\/uploads\/2025\/05\/Captura-de-pantalla-2025-05-08-a-las-6.50.09\u202fp.m-300x198.png 300w, https:\/\/martinadesol.cl\/wp-content\/uploads\/2025\/05\/Captura-de-pantalla-2025-05-08-a-las-6.50.09\u202fp.m-768x508.png 768w\" sizes=\"(max-width: 792px) 100vw, 792px\" \/>\t\t\t\t\t\t\t\t\t\t\t\t\t\t\t<\/div>\n\t\t\t\t<\/div>\n\t\t\t\t<div class=\"elementor-element elementor-element-218afd9 elementor-widget elementor-widget-image\" data-id=\"218afd9\" data-element_type=\"widget\" data-widget_type=\"image.default\">\n\t\t\t\t<div class=\"elementor-widget-container\">\n\t\t\t\t\t\t\t\t\t\t\t\t\t\t\t<img loading=\"lazy\" decoding=\"async\" width=\"786\" height=\"524\" src=\"https:\/\/martinadesol.cl\/wp-content\/uploads\/2025\/05\/Captura-de-pantalla-2025-05-08-a-las-6.50.35\u202fp.m.png\" class=\"attachment-large size-large wp-image-368\" alt=\"\" srcset=\"https:\/\/martinadesol.cl\/wp-content\/uploads\/2025\/05\/Captura-de-pantalla-2025-05-08-a-las-6.50.35\u202fp.m.png 786w, https:\/\/martinadesol.cl\/wp-content\/uploads\/2025\/05\/Captura-de-pantalla-2025-05-08-a-las-6.50.35\u202fp.m-300x200.png 300w, https:\/\/martinadesol.cl\/wp-content\/uploads\/2025\/05\/Captura-de-pantalla-2025-05-08-a-las-6.50.35\u202fp.m-768x512.png 768w\" sizes=\"(max-width: 786px) 100vw, 786px\" \/>\t\t\t\t\t\t\t\t\t\t\t\t\t\t\t<\/div>\n\t\t\t\t<\/div>\n\t\t\t\t\t<\/div>\n\t\t\t\t<\/div>\n\t\t<div class=\"elementor-element elementor-element-b4800c3 e-grid e-con-boxed wpr-particle-no wpr-jarallax-no wpr-parallax-no wpr-sticky-section-no e-con e-parent\" data-id=\"b4800c3\" data-element_type=\"container\">\n\t\t\t\t\t<div class=\"e-con-inner\">\n\t\t\t\t<div class=\"elementor-element elementor-element-94d0dfa elementor-widget elementor-widget-text-editor\" data-id=\"94d0dfa\" data-element_type=\"widget\" data-widget_type=\"text-editor.default\">\n\t\t\t\t<div class=\"elementor-widget-container\">\n\t\t\t\t\t\t\t\t\t<p><span style=\"white-space-collapse: preserve;\">En este proyecto se cre\u00f3 la marca Maine Puppe, y el producto enfocado para vender es un set para cocinar que incluye: 1 vino blanco, 1 vino tinto y 1 espumante brut. Este dise\u00f1o est\u00e1 intencionado en que las etiquetas indiquen por las ilustraciones, que platos se pueden cocinar con estos. Adem\u00e1s incluye un packaging que es f\u00e1cil de transportar y que sirve como punto de apoyo en la cocina. La tipograf\u00eda aplicada en el logo de este vino fue escrita a mano, dando un toque c\u00e1lido y \u00fanico, que solo se puede encontrar en una anotaci\u00f3n hecha en una receta.<\/span><\/p>\t\t\t\t\t\t\t\t<\/div>\n\t\t\t\t<\/div>\n\t\t\t\t\t<\/div>\n\t\t\t\t<\/div>\n\t\t<div class=\"elementor-element elementor-element-9e744f9 e-flex e-con-boxed wpr-particle-no wpr-jarallax-no wpr-parallax-no wpr-sticky-section-no e-con e-parent\" data-id=\"9e744f9\" data-element_type=\"container\" id=\"seccion-branding2\">\n\t\t\t\t\t<div class=\"e-con-inner\">\n\t\t\t\t<div class=\"elementor-element elementor-element-cfb00fa elementor-widget elementor-widget-heading\" data-id=\"cfb00fa\" data-element_type=\"widget\" data-widget_type=\"heading.default\">\n\t\t\t\t<div class=\"elementor-widget-container\">\n\t\t\t\t\t<h2 class=\"elementor-heading-title elementor-size-default\">Borag\u00f3<\/h2>\t\t\t\t<\/div>\n\t\t\t\t<\/div>\n\t\t\t\t\t<\/div>\n\t\t\t\t<\/div>\n\t\t<div class=\"elementor-element elementor-element-364f77e e-flex e-con-boxed wpr-particle-no wpr-jarallax-no wpr-parallax-no wpr-sticky-section-no e-con e-parent\" data-id=\"364f77e\" data-element_type=\"container\">\n\t\t\t\t\t<div class=\"e-con-inner\">\n\t\t\t\t<div class=\"elementor-element elementor-element-c53126b elementor-widget elementor-widget-image\" data-id=\"c53126b\" data-element_type=\"widget\" data-widget_type=\"image.default\">\n\t\t\t\t<div class=\"elementor-widget-container\">\n\t\t\t\t\t\t\t\t\t\t\t\t\t\t\t<img loading=\"lazy\" decoding=\"async\" width=\"800\" height=\"534\" src=\"https:\/\/martinadesol.cl\/wp-content\/uploads\/2025\/05\/borago-1024x683.png\" class=\"attachment-large size-large wp-image-383\" alt=\"\" srcset=\"https:\/\/martinadesol.cl\/wp-content\/uploads\/2025\/05\/borago-1024x683.png 1024w, https:\/\/martinadesol.cl\/wp-content\/uploads\/2025\/05\/borago-300x200.png 300w, https:\/\/martinadesol.cl\/wp-content\/uploads\/2025\/05\/borago-768x512.png 768w, https:\/\/martinadesol.cl\/wp-content\/uploads\/2025\/05\/borago.png 1440w\" sizes=\"(max-width: 800px) 100vw, 800px\" \/>\t\t\t\t\t\t\t\t\t\t\t\t\t\t\t<\/div>\n\t\t\t\t<\/div>\n\t\t\t\t\t<\/div>\n\t\t\t\t<\/div>\n\t\t<div class=\"elementor-element elementor-element-1fa5cb6 e-flex e-con-boxed wpr-particle-no wpr-jarallax-no wpr-parallax-no wpr-sticky-section-no e-con e-parent\" data-id=\"1fa5cb6\" data-element_type=\"container\">\n\t\t\t\t\t<div class=\"e-con-inner\">\n\t\t\t\t<div class=\"elementor-element elementor-element-f3220ae elementor-widget elementor-widget-image\" data-id=\"f3220ae\" data-element_type=\"widget\" data-widget_type=\"image.default\">\n\t\t\t\t<div class=\"elementor-widget-container\">\n\t\t\t\t\t\t\t\t\t\t\t\t\t\t\t<img loading=\"lazy\" decoding=\"async\" width=\"800\" height=\"497\" src=\"https:\/\/martinadesol.cl\/wp-content\/uploads\/2025\/05\/Captura-de-pantalla-2025-05-08-a-las-7.08.25\u202fp.m-1024x636.png\" class=\"attachment-large size-large wp-image-384\" alt=\"\" srcset=\"https:\/\/martinadesol.cl\/wp-content\/uploads\/2025\/05\/Captura-de-pantalla-2025-05-08-a-las-7.08.25\u202fp.m-1024x636.png 1024w, https:\/\/martinadesol.cl\/wp-content\/uploads\/2025\/05\/Captura-de-pantalla-2025-05-08-a-las-7.08.25\u202fp.m-300x186.png 300w, https:\/\/martinadesol.cl\/wp-content\/uploads\/2025\/05\/Captura-de-pantalla-2025-05-08-a-las-7.08.25\u202fp.m-768x477.png 768w, https:\/\/martinadesol.cl\/wp-content\/uploads\/2025\/05\/Captura-de-pantalla-2025-05-08-a-las-7.08.25\u202fp.m.png 1194w\" sizes=\"(max-width: 800px) 100vw, 800px\" \/>\t\t\t\t\t\t\t\t\t\t\t\t\t\t\t<\/div>\n\t\t\t\t<\/div>\n\t\t\t\t\t<\/div>\n\t\t\t\t<\/div>\n\t\t<div class=\"elementor-element elementor-element-681cc02 e-flex e-con-boxed wpr-particle-no wpr-jarallax-no wpr-parallax-no wpr-sticky-section-no e-con e-parent\" data-id=\"681cc02\" data-element_type=\"container\">\n\t\t\t\t\t<div class=\"e-con-inner\">\n\t\t<div class=\"elementor-element elementor-element-e554583 e-con-full e-flex wpr-particle-no wpr-jarallax-no wpr-parallax-no wpr-sticky-section-no e-con e-child\" data-id=\"e554583\" data-element_type=\"container\">\n\t\t\t\t<div class=\"elementor-element elementor-element-d892fb0 elementor-widget elementor-widget-text-editor\" data-id=\"d892fb0\" data-element_type=\"widget\" data-widget_type=\"text-editor.default\">\n\t\t\t\t<div class=\"elementor-widget-container\">\n\t\t\t\t\t\t\t\t\t<p><span style=\"white-space-collapse: preserve;\">Este proyecto esta enfocado en el redise\u00f1o de la carta del famoso restaurante Borag\u00f3, el cual se destaca por cocinar en base a los or\u00edgenes de chile. La paleta de color es verde, indicando la fuerte conexi\u00f3n natural, la cual es potente pero emite un respeto innato. Se dise\u00f1aron 3 afiches complementarios para esta carga, mostrando paisajes de los cuales son base para conseguir ingredientes de los platos m\u00e1s conocidos.<\/span><\/p>\t\t\t\t\t\t\t\t<\/div>\n\t\t\t\t<\/div>\n\t\t\t\t<\/div>\n\t\t<div class=\"elementor-element elementor-element-37abebd e-con-full e-flex wpr-particle-no wpr-jarallax-no wpr-parallax-no wpr-sticky-section-no e-con e-child\" data-id=\"37abebd\" data-element_type=\"container\">\n\t\t\t\t<\/div>\n\t\t\t\t\t<\/div>\n\t\t\t\t<\/div>\n\t\t<div class=\"elementor-element elementor-element-88f7c68 e-flex e-con-boxed wpr-particle-no wpr-jarallax-no wpr-parallax-no wpr-sticky-section-no e-con e-parent\" data-id=\"88f7c68\" data-element_type=\"container\">\n\t\t\t\t\t<div class=\"e-con-inner\">\n\t\t<div class=\"elementor-element elementor-element-57b1aa9 e-con-full e-flex wpr-particle-no wpr-jarallax-no wpr-parallax-no wpr-sticky-section-no e-con e-child\" data-id=\"57b1aa9\" data-element_type=\"container\">\n\t\t\t\t<\/div>\n\t\t<div class=\"elementor-element elementor-element-dc7d58d e-con-full e-flex wpr-particle-no wpr-jarallax-no wpr-parallax-no wpr-sticky-section-no e-con e-child\" data-id=\"dc7d58d\" data-element_type=\"container\">\n\t\t<div class=\"elementor-element elementor-element-82efbbc e-con-full e-flex wpr-particle-no wpr-jarallax-no wpr-parallax-no wpr-sticky-section-no e-con e-child\" data-id=\"82efbbc\" data-element_type=\"container\" data-settings=\"{&quot;background_background&quot;:&quot;classic&quot;}\">\n\t\t\t\t<div class=\"elementor-element elementor-element-880c249 wpr-main-menu-align-center wpr-main-menu-align--tabletleft wpr-main-menu-align--mobileleft wpr-pointer-underline wpr-pointer-line-fx wpr-pointer-fx-fade wpr-sub-icon-caret-down wpr-sub-menu-fx-fade wpr-nav-menu-bp-mobile wpr-mobile-menu-full-width wpr-mobile-menu-item-align-center wpr-mobile-toggle-v1 wpr-sub-divider-yes wpr-mobile-divider-yes elementor-widget elementor-widget-wpr-nav-menu\" data-id=\"880c249\" data-element_type=\"widget\" data-settings=\"{&quot;menu_layout&quot;:&quot;horizontal&quot;}\" data-widget_type=\"wpr-nav-menu.default\">\n\t\t\t\t<div class=\"elementor-widget-container\">\n\t\t\t\t\t<nav class=\"wpr-nav-menu-container wpr-nav-menu-horizontal\" data-trigger=\"hover\"><ul id=\"menu-1-880c249\" class=\"wpr-nav-menu\"><li class=\"menu-item menu-item-type-post_type menu-item-object-page menu-item-home menu-item-176\"><a href=\"https:\/\/martinadesol.cl\/\" class=\"wpr-menu-item wpr-pointer-item\">Inicio<\/a><\/li>\n<li class=\"menu-item menu-item-type-post_type menu-item-object-page menu-item-has-children menu-item-174\"><a href=\"https:\/\/martinadesol.cl\/?page_id=57\" class=\"wpr-menu-item wpr-pointer-item\">Proyectos<i class=\"wpr-sub-icon fas\" aria-hidden=\"true\"><\/i><\/a>\n<ul class=\"sub-menu wpr-sub-menu\">\n\t<li class=\"menu-item menu-item-type-post_type menu-item-object-page menu-item-172\"><a href=\"https:\/\/martinadesol.cl\/?page_id=154\" class=\"wpr-sub-menu-item\">Ilustraci\u00f3n<\/a><\/li>\n\t<li class=\"menu-item menu-item-type-post_type menu-item-object-page menu-item-170\"><a href=\"https:\/\/martinadesol.cl\/?page_id=167\" class=\"wpr-sub-menu-item\">Identidad Visual<\/a><\/li>\n\t<li class=\"menu-item menu-item-type-post_type menu-item-object-page menu-item-171\"><a href=\"https:\/\/martinadesol.cl\/?page_id=164\" class=\"wpr-sub-menu-item\">Editorial<\/a><\/li>\n\t<li class=\"menu-item menu-item-type-post_type menu-item-object-page menu-item-213\"><a href=\"https:\/\/martinadesol.cl\/?page_id=211\" class=\"wpr-sub-menu-item\">Branding<\/a><\/li>\n\t<li class=\"menu-item menu-item-type-post_type menu-item-object-page menu-item-214\"><a href=\"https:\/\/martinadesol.cl\/?page_id=209\" class=\"wpr-sub-menu-item\">Motion Graphics<\/a><\/li>\n<\/ul>\n<\/li>\n<li class=\"menu-item menu-item-type-post_type menu-item-object-page menu-item-173\"><a href=\"https:\/\/martinadesol.cl\/?page_id=59\" class=\"wpr-menu-item wpr-pointer-item\">Contacto<\/a><\/li>\n<li class=\"menu-item menu-item-type-post_type menu-item-object-page menu-item-175\"><a href=\"https:\/\/martinadesol.cl\/?page_id=53\" class=\"wpr-menu-item wpr-pointer-item\">Sobre m\u00ed<\/a><\/li>\n<\/ul><\/nav><nav class=\"wpr-mobile-nav-menu-container\"><div class=\"wpr-mobile-toggle-wrap\"><div class=\"wpr-mobile-toggle\"><span class=\"wpr-mobile-toggle-line\"><\/span><span class=\"wpr-mobile-toggle-line\"><\/span><span class=\"wpr-mobile-toggle-line\"><\/span><\/div><\/div><ul id=\"mobile-menu-2-880c249\" class=\"wpr-mobile-nav-menu\"><li class=\"menu-item menu-item-type-post_type menu-item-object-page menu-item-home menu-item-176\"><a href=\"https:\/\/martinadesol.cl\/\" class=\"wpr-mobile-menu-item\">Inicio<\/a><\/li>\n<li class=\"menu-item menu-item-type-post_type menu-item-object-page menu-item-has-children menu-item-174\"><a href=\"https:\/\/martinadesol.cl\/?page_id=57\" class=\"wpr-mobile-menu-item\">Proyectos<\/a>\n<ul class=\"sub-menu wpr-sub-menu\">\n\t<li class=\"menu-item menu-item-type-post_type menu-item-object-page menu-item-172\"><a href=\"https:\/\/martinadesol.cl\/?page_id=154\" class=\"wpr-mobile-sub-menu-item\">Ilustraci\u00f3n<\/a><\/li>\n\t<li class=\"menu-item menu-item-type-post_type menu-item-object-page menu-item-170\"><a href=\"https:\/\/martinadesol.cl\/?page_id=167\" class=\"wpr-mobile-sub-menu-item\">Identidad Visual<\/a><\/li>\n\t<li class=\"menu-item menu-item-type-post_type menu-item-object-page menu-item-171\"><a href=\"https:\/\/martinadesol.cl\/?page_id=164\" class=\"wpr-mobile-sub-menu-item\">Editorial<\/a><\/li>\n\t<li class=\"menu-item menu-item-type-post_type menu-item-object-page menu-item-213\"><a href=\"https:\/\/martinadesol.cl\/?page_id=211\" class=\"wpr-mobile-sub-menu-item\">Branding<\/a><\/li>\n\t<li class=\"menu-item menu-item-type-post_type menu-item-object-page menu-item-214\"><a href=\"https:\/\/martinadesol.cl\/?page_id=209\" class=\"wpr-mobile-sub-menu-item\">Motion Graphics<\/a><\/li>\n<\/ul>\n<\/li>\n<li class=\"menu-item menu-item-type-post_type menu-item-object-page menu-item-173\"><a href=\"https:\/\/martinadesol.cl\/?page_id=59\" class=\"wpr-mobile-menu-item\">Contacto<\/a><\/li>\n<li class=\"menu-item menu-item-type-post_type menu-item-object-page menu-item-175\"><a href=\"https:\/\/martinadesol.cl\/?page_id=53\" class=\"wpr-mobile-menu-item\">Sobre m\u00ed<\/a><\/li>\n<\/ul><\/nav>\t\t\t\t<\/div>\n\t\t\t\t<\/div>\n\t\t\t\t<\/div>\n\t\t\t\t<\/div>\n\t\t\t\t\t<\/div>\n\t\t\t\t<\/div>\n\t\t<div class=\"elementor-element elementor-element-245c031 e-flex e-con-boxed wpr-particle-no wpr-jarallax-no wpr-parallax-no wpr-sticky-section-no e-con e-parent\" data-id=\"245c031\" data-element_type=\"container\">\n\t\t\t\t\t<div class=\"e-con-inner\">\n\t\t\t\t\t<\/div>\n\t\t\t\t<\/div>\n\t\t\t\t<\/div>\n\t\t","protected":false},"excerpt":{"rendered":"<p>2025 Martina De Solminihac Dachs Meine Puppe En este proyecto se cre\u00f3 la marca Maine Puppe, y el producto enfocado para vender es un set para cocinar que incluye: 1 vino blanco, 1 vino tinto y 1 espumante brut. Este dise\u00f1o est\u00e1 intencionado en que las etiquetas indiquen por las ilustraciones, que platos se pueden cocinar con estos. Adem\u00e1s incluye un packaging que es f\u00e1cil de transportar y que sirve como punto de apoyo en la cocina. La tipograf\u00eda aplicada en el logo de este vino fue escrita a mano, dando un toque c\u00e1lido y \u00fanico, que solo se puede encontrar en una anotaci\u00f3n hecha en una receta. Borag\u00f3 Este proyecto esta enfocado en el redise\u00f1o de la carta del famoso restaurante Borag\u00f3, el cual se destaca por cocinar en base a los or\u00edgenes de chile. La paleta de color es verde, indicando la fuerte conexi\u00f3n natural, la cual es potente pero emite un respeto innato. Se dise\u00f1aron 3 afiches complementarios para esta carga, mostrando paisajes de los cuales son base para conseguir ingredientes de los platos m\u00e1s conocidos. Inicio Contacto Proyectos Ilustraci\u00f3n Identidad Visual Editorial Branding Motion Graphics Sobre m\u00ed Inicio Contacto Proyectos Ilustraci\u00f3n Identidad Visual Editorial Branding Motion Graphics Sobre m\u00ed<\/p>\n","protected":false},"author":1,"featured_media":0,"parent":0,"menu_order":0,"comment_status":"closed","ping_status":"closed","template":"elementor_canvas","meta":{"footnotes":""},"class_list":["post-211","page","type-page","status-publish","hentry"],"_links":{"self":[{"href":"https:\/\/martinadesol.cl\/index.php?rest_route=\/wp\/v2\/pages\/211","targetHints":{"allow":["GET"]}}],"collection":[{"href":"https:\/\/martinadesol.cl\/index.php?rest_route=\/wp\/v2\/pages"}],"about":[{"href":"https:\/\/martinadesol.cl\/index.php?rest_route=\/wp\/v2\/types\/page"}],"author":[{"embeddable":true,"href":"https:\/\/martinadesol.cl\/index.php?rest_route=\/wp\/v2\/users\/1"}],"replies":[{"embeddable":true,"href":"https:\/\/martinadesol.cl\/index.php?rest_route=%2Fwp%2Fv2%2Fcomments&post=211"}],"version-history":[{"count":31,"href":"https:\/\/martinadesol.cl\/index.php?rest_route=\/wp\/v2\/pages\/211\/revisions"}],"predecessor-version":[{"id":565,"href":"https:\/\/martinadesol.cl\/index.php?rest_route=\/wp\/v2\/pages\/211\/revisions\/565"}],"wp:attachment":[{"href":"https:\/\/martinadesol.cl\/index.php?rest_route=%2Fwp%2Fv2%2Fmedia&parent=211"}],"curies":[{"name":"wp","href":"https:\/\/api.w.org\/{rel}","templated":true}]}}