{"id":154,"date":"2025-04-28T14:25:02","date_gmt":"2025-04-28T14:25:02","guid":{"rendered":"https:\/\/martinadesol.cl\/?page_id=154"},"modified":"2025-05-08T22:55:44","modified_gmt":"2025-05-08T22:55:44","slug":"ilustracion","status":"publish","type":"page","link":"https:\/\/martinadesol.cl\/?page_id=154","title":{"rendered":"Ilustraci\u00f3n"},"content":{"rendered":"\t\t<div data-elementor-type=\"wp-page\" data-elementor-id=\"154\" class=\"elementor elementor-154\">\n\t\t\t\t<div class=\"elementor-element elementor-element-8184b24 e-flex e-con-boxed wpr-particle-no wpr-jarallax-no wpr-parallax-no wpr-sticky-section-no e-con e-parent\" data-id=\"8184b24\" data-element_type=\"container\">\n\t\t\t\t\t<div class=\"e-con-inner\">\n\t\t<div class=\"elementor-element elementor-element-f9ef45e e-con-full e-flex wpr-particle-no wpr-jarallax-no wpr-parallax-no wpr-sticky-section-no e-con e-child\" data-id=\"f9ef45e\" data-element_type=\"container\">\n\t\t\t\t<div class=\"elementor-element elementor-element-7fb6433 elementor-widget elementor-widget-heading\" data-id=\"7fb6433\" data-element_type=\"widget\" data-widget_type=\"heading.default\">\n\t\t\t\t<div class=\"elementor-widget-container\">\n\t\t\t\t\t<h2 class=\"elementor-heading-title elementor-size-default\">2025<\/h2>\t\t\t\t<\/div>\n\t\t\t\t<\/div>\n\t\t\t\t<\/div>\n\t\t<div class=\"elementor-element elementor-element-e1af3d5 e-con-full e-flex wpr-particle-no wpr-jarallax-no wpr-parallax-no wpr-sticky-section-no e-con e-child\" data-id=\"e1af3d5\" data-element_type=\"container\">\n\t\t\t\t<div class=\"elementor-element elementor-element-25de25a elementor-widget elementor-widget-heading\" data-id=\"25de25a\" data-element_type=\"widget\" data-widget_type=\"heading.default\">\n\t\t\t\t<div class=\"elementor-widget-container\">\n\t\t\t\t\t<h2 class=\"elementor-heading-title elementor-size-default\">Martina De Solminihac Dachs<\/h2>\t\t\t\t<\/div>\n\t\t\t\t<\/div>\n\t\t\t\t<\/div>\n\t\t\t\t\t<\/div>\n\t\t\t\t<\/div>\n\t\t<div class=\"elementor-element elementor-element-f2a7340 e-flex e-con-boxed wpr-particle-no wpr-jarallax-no wpr-parallax-no wpr-sticky-section-no e-con e-parent\" data-id=\"f2a7340\" data-element_type=\"container\">\n\t\t\t\t\t<div class=\"e-con-inner\">\n\t\t\t\t<div class=\"elementor-element elementor-element-3846cfe elementor-widget elementor-widget-heading\" data-id=\"3846cfe\" data-element_type=\"widget\" data-widget_type=\"heading.default\">\n\t\t\t\t<div class=\"elementor-widget-container\">\n\t\t\t\t\t<h2 class=\"elementor-heading-title elementor-size-default\">La palabra iluminada<\/h2>\t\t\t\t<\/div>\n\t\t\t\t<\/div>\n\t\t\t\t\t<\/div>\n\t\t\t\t<\/div>\n\t\t<div class=\"elementor-element elementor-element-ab79ae1 e-flex e-con-boxed wpr-particle-no wpr-jarallax-no wpr-parallax-no wpr-sticky-section-no e-con e-parent\" data-id=\"ab79ae1\" data-element_type=\"container\" id=\"seccion-ilustracion\">\n\t\t\t\t\t<div class=\"e-con-inner\">\n\t\t\t\t<div class=\"elementor-element elementor-element-4200f0b elementor-widget elementor-widget-image\" data-id=\"4200f0b\" data-element_type=\"widget\" data-widget_type=\"image.default\">\n\t\t\t\t<div class=\"elementor-widget-container\">\n\t\t\t\t\t\t\t\t\t\t\t\t\t\t\t<img fetchpriority=\"high\" decoding=\"async\" width=\"800\" height=\"941\" src=\"https:\/\/martinadesol.cl\/wp-content\/uploads\/2025\/05\/Ilustracionm-m-871x1024.png\" class=\"attachment-large size-large wp-image-295\" alt=\"\" srcset=\"https:\/\/martinadesol.cl\/wp-content\/uploads\/2025\/05\/Ilustracionm-m-871x1024.png 871w, https:\/\/martinadesol.cl\/wp-content\/uploads\/2025\/05\/Ilustracionm-m-255x300.png 255w, https:\/\/martinadesol.cl\/wp-content\/uploads\/2025\/05\/Ilustracionm-m-768x902.png 768w, https:\/\/martinadesol.cl\/wp-content\/uploads\/2025\/05\/Ilustracionm-m-1307x1536.png 1307w, https:\/\/martinadesol.cl\/wp-content\/uploads\/2025\/05\/Ilustracionm-m.png 1440w\" sizes=\"(max-width: 800px) 100vw, 800px\" \/>\t\t\t\t\t\t\t\t\t\t\t\t\t\t\t<\/div>\n\t\t\t\t<\/div>\n\t\t\t\t\t<\/div>\n\t\t\t\t<\/div>\n\t\t<div class=\"elementor-element elementor-element-1471eeb e-flex e-con-boxed wpr-particle-no wpr-jarallax-no wpr-parallax-no wpr-sticky-section-no e-con e-parent\" data-id=\"1471eeb\" data-element_type=\"container\">\n\t\t\t\t\t<div class=\"e-con-inner\">\n\t\t\t\t<div class=\"elementor-element elementor-element-ae8ea3f elementor-widget__width-initial elementor-widget elementor-widget-text-editor\" data-id=\"ae8ea3f\" data-element_type=\"widget\" data-widget_type=\"text-editor.default\">\n\t\t\t\t<div class=\"elementor-widget-container\">\n\t\t\t\t\t\t\t\t\t<p><span style=\"white-space-collapse: preserve;\">Este proyecto ilustrativo est\u00e1 basado en el dise\u00f1ador e ilustrador chileno Alberto Montt, en donde se emplean personajes famosos de sus obras y con ellos se busca esconder el apellido de este mediante sus personajes. La propuesta tiene la base en blanco y negro, y luego dos paletas de colores contrarias.<br \/><br \/>Fue dise\u00f1ado de manera inicial en papel, luego escaneado y finalmente editado en Photoshop.<\/span><\/p>\t\t\t\t\t\t\t\t<\/div>\n\t\t\t\t<\/div>\n\t\t\t\t\t<\/div>\n\t\t\t\t<\/div>\n\t\t<div class=\"elementor-element elementor-element-bd4ffec e-flex e-con-boxed wpr-particle-no wpr-jarallax-no wpr-parallax-no wpr-sticky-section-no e-con e-parent\" data-id=\"bd4ffec\" data-element_type=\"container\">\n\t\t\t\t\t<div class=\"e-con-inner\">\n\t\t<div class=\"elementor-element elementor-element-e9552c0 e-con-full e-flex wpr-particle-no wpr-jarallax-no wpr-parallax-no wpr-sticky-section-no e-con e-child\" data-id=\"e9552c0\" data-element_type=\"container\">\n\t\t\t\t<div class=\"elementor-element elementor-element-5b3c82f elementor-widget elementor-widget-image\" data-id=\"5b3c82f\" data-element_type=\"widget\" data-widget_type=\"image.default\">\n\t\t\t\t<div class=\"elementor-widget-container\">\n\t\t\t\t\t\t\t\t\t\t\t\t\t\t\t<img decoding=\"async\" width=\"721\" height=\"1024\" src=\"https:\/\/martinadesol.cl\/wp-content\/uploads\/2025\/05\/Captura-de-pantalla-2025-05-08-a-las-4.59.17\u202fp.m-721x1024.png\" class=\"attachment-large size-large wp-image-303\" alt=\"\" srcset=\"https:\/\/martinadesol.cl\/wp-content\/uploads\/2025\/05\/Captura-de-pantalla-2025-05-08-a-las-4.59.17\u202fp.m-721x1024.png 721w, https:\/\/martinadesol.cl\/wp-content\/uploads\/2025\/05\/Captura-de-pantalla-2025-05-08-a-las-4.59.17\u202fp.m-211x300.png 211w, https:\/\/martinadesol.cl\/wp-content\/uploads\/2025\/05\/Captura-de-pantalla-2025-05-08-a-las-4.59.17\u202fp.m-768x1091.png 768w, https:\/\/martinadesol.cl\/wp-content\/uploads\/2025\/05\/Captura-de-pantalla-2025-05-08-a-las-4.59.17\u202fp.m.png 770w\" sizes=\"(max-width: 721px) 100vw, 721px\" \/>\t\t\t\t\t\t\t\t\t\t\t\t\t\t\t<\/div>\n\t\t\t\t<\/div>\n\t\t<div class=\"elementor-element elementor-element-2ea4c3d e-con-full e-flex wpr-particle-no wpr-jarallax-no wpr-parallax-no wpr-sticky-section-no e-con e-child\" data-id=\"2ea4c3d\" data-element_type=\"container\">\n\t\t\t\t<div class=\"elementor-element elementor-element-05fdae1 elementor-widget elementor-widget-heading\" data-id=\"05fdae1\" data-element_type=\"widget\" data-widget_type=\"heading.default\">\n\t\t\t\t<div class=\"elementor-widget-container\">\n\t\t\t\t\t<h2 class=\"elementor-heading-title elementor-size-default\">Paletas de Color usadas:<\/h2>\t\t\t\t<\/div>\n\t\t\t\t<\/div>\n\t\t<div class=\"elementor-element elementor-element-3e768df e-grid e-con-full wpr-particle-no wpr-jarallax-no wpr-parallax-no wpr-sticky-section-no e-con e-child\" data-id=\"3e768df\" data-element_type=\"container\">\n\t\t\t\t<div class=\"elementor-element elementor-element-44c7905 elementor-widget elementor-widget-image\" data-id=\"44c7905\" data-element_type=\"widget\" data-widget_type=\"image.default\">\n\t\t\t\t<div class=\"elementor-widget-container\">\n\t\t\t\t\t\t\t\t\t\t\t\t\t\t\t<img decoding=\"async\" width=\"434\" height=\"434\" src=\"https:\/\/martinadesol.cl\/wp-content\/uploads\/2025\/05\/Captura-de-pantalla-2025-05-08-a-las-5.38.00\u202fp.m.png\" class=\"attachment-large size-large wp-image-312\" alt=\"\" srcset=\"https:\/\/martinadesol.cl\/wp-content\/uploads\/2025\/05\/Captura-de-pantalla-2025-05-08-a-las-5.38.00\u202fp.m.png 434w, https:\/\/martinadesol.cl\/wp-content\/uploads\/2025\/05\/Captura-de-pantalla-2025-05-08-a-las-5.38.00\u202fp.m-300x300.png 300w, https:\/\/martinadesol.cl\/wp-content\/uploads\/2025\/05\/Captura-de-pantalla-2025-05-08-a-las-5.38.00\u202fp.m-150x150.png 150w\" sizes=\"(max-width: 434px) 100vw, 434px\" \/>\t\t\t\t\t\t\t\t\t\t\t\t\t\t\t<\/div>\n\t\t\t\t<\/div>\n\t\t\t\t<div class=\"elementor-element elementor-element-ed1a0a2 elementor-widget elementor-widget-image\" data-id=\"ed1a0a2\" data-element_type=\"widget\" data-widget_type=\"image.default\">\n\t\t\t\t<div class=\"elementor-widget-container\">\n\t\t\t\t\t\t\t\t\t\t\t\t\t\t\t<img loading=\"lazy\" decoding=\"async\" width=\"432\" height=\"434\" src=\"https:\/\/martinadesol.cl\/wp-content\/uploads\/2025\/05\/Captura-de-pantalla-2025-05-08-a-las-5.38.35\u202fp.m.png\" class=\"attachment-large size-large wp-image-313\" alt=\"\" srcset=\"https:\/\/martinadesol.cl\/wp-content\/uploads\/2025\/05\/Captura-de-pantalla-2025-05-08-a-las-5.38.35\u202fp.m.png 432w, https:\/\/martinadesol.cl\/wp-content\/uploads\/2025\/05\/Captura-de-pantalla-2025-05-08-a-las-5.38.35\u202fp.m-300x300.png 300w, https:\/\/martinadesol.cl\/wp-content\/uploads\/2025\/05\/Captura-de-pantalla-2025-05-08-a-las-5.38.35\u202fp.m-150x150.png 150w\" sizes=\"(max-width: 432px) 100vw, 432px\" \/>\t\t\t\t\t\t\t\t\t\t\t\t\t\t\t<\/div>\n\t\t\t\t<\/div>\n\t\t\t\t<div class=\"elementor-element elementor-element-a728128 elementor-widget elementor-widget-image\" data-id=\"a728128\" data-element_type=\"widget\" data-widget_type=\"image.default\">\n\t\t\t\t<div class=\"elementor-widget-container\">\n\t\t\t\t\t\t\t\t\t\t\t\t\t\t\t<img loading=\"lazy\" decoding=\"async\" width=\"434\" height=\"434\" src=\"https:\/\/martinadesol.cl\/wp-content\/uploads\/2025\/05\/Captura-de-pantalla-2025-05-08-a-las-5.38.54\u202fp.m.png\" class=\"attachment-large size-large wp-image-314\" alt=\"\" srcset=\"https:\/\/martinadesol.cl\/wp-content\/uploads\/2025\/05\/Captura-de-pantalla-2025-05-08-a-las-5.38.54\u202fp.m.png 434w, https:\/\/martinadesol.cl\/wp-content\/uploads\/2025\/05\/Captura-de-pantalla-2025-05-08-a-las-5.38.54\u202fp.m-300x300.png 300w, https:\/\/martinadesol.cl\/wp-content\/uploads\/2025\/05\/Captura-de-pantalla-2025-05-08-a-las-5.38.54\u202fp.m-150x150.png 150w\" sizes=\"(max-width: 434px) 100vw, 434px\" \/>\t\t\t\t\t\t\t\t\t\t\t\t\t\t\t<\/div>\n\t\t\t\t<\/div>\n\t\t\t\t<div class=\"elementor-element elementor-element-caa5af1 elementor-widget elementor-widget-image\" data-id=\"caa5af1\" data-element_type=\"widget\" data-widget_type=\"image.default\">\n\t\t\t\t<div class=\"elementor-widget-container\">\n\t\t\t\t\t\t\t\t\t\t\t\t\t\t\t<img loading=\"lazy\" decoding=\"async\" width=\"432\" height=\"436\" src=\"https:\/\/martinadesol.cl\/wp-content\/uploads\/2025\/05\/Captura-de-pantalla-2025-05-08-a-las-5.39.21\u202fp.m.png\" class=\"attachment-large size-large wp-image-315\" alt=\"\" srcset=\"https:\/\/martinadesol.cl\/wp-content\/uploads\/2025\/05\/Captura-de-pantalla-2025-05-08-a-las-5.39.21\u202fp.m.png 432w, https:\/\/martinadesol.cl\/wp-content\/uploads\/2025\/05\/Captura-de-pantalla-2025-05-08-a-las-5.39.21\u202fp.m-297x300.png 297w, https:\/\/martinadesol.cl\/wp-content\/uploads\/2025\/05\/Captura-de-pantalla-2025-05-08-a-las-5.39.21\u202fp.m-150x150.png 150w\" sizes=\"(max-width: 432px) 100vw, 432px\" \/>\t\t\t\t\t\t\t\t\t\t\t\t\t\t\t<\/div>\n\t\t\t\t<\/div>\n\t\t\t\t<\/div>\n\t\t<div class=\"elementor-element elementor-element-936cd94 e-grid e-con-full wpr-particle-no wpr-jarallax-no wpr-parallax-no wpr-sticky-section-no e-con e-child\" data-id=\"936cd94\" data-element_type=\"container\">\n\t\t\t\t<div class=\"elementor-element elementor-element-d09be32 elementor-widget elementor-widget-image\" data-id=\"d09be32\" data-element_type=\"widget\" data-widget_type=\"image.default\">\n\t\t\t\t<div class=\"elementor-widget-container\">\n\t\t\t\t\t\t\t\t\t\t\t\t\t\t\t<img loading=\"lazy\" decoding=\"async\" width=\"434\" height=\"430\" src=\"https:\/\/martinadesol.cl\/wp-content\/uploads\/2025\/05\/Captura-de-pantalla-2025-05-08-a-las-5.53.59\u202fp.m.png\" class=\"attachment-large size-large wp-image-316\" alt=\"\" srcset=\"https:\/\/martinadesol.cl\/wp-content\/uploads\/2025\/05\/Captura-de-pantalla-2025-05-08-a-las-5.53.59\u202fp.m.png 434w, https:\/\/martinadesol.cl\/wp-content\/uploads\/2025\/05\/Captura-de-pantalla-2025-05-08-a-las-5.53.59\u202fp.m-300x297.png 300w, https:\/\/martinadesol.cl\/wp-content\/uploads\/2025\/05\/Captura-de-pantalla-2025-05-08-a-las-5.53.59\u202fp.m-150x150.png 150w\" sizes=\"(max-width: 434px) 100vw, 434px\" \/>\t\t\t\t\t\t\t\t\t\t\t\t\t\t\t<\/div>\n\t\t\t\t<\/div>\n\t\t\t\t<div class=\"elementor-element elementor-element-f9694f7 elementor-widget elementor-widget-image\" data-id=\"f9694f7\" data-element_type=\"widget\" data-widget_type=\"image.default\">\n\t\t\t\t<div class=\"elementor-widget-container\">\n\t\t\t\t\t\t\t\t\t\t\t\t\t\t\t<img loading=\"lazy\" decoding=\"async\" width=\"434\" height=\"434\" src=\"https:\/\/martinadesol.cl\/wp-content\/uploads\/2025\/05\/Captura-de-pantalla-2025-05-08-a-las-5.54.22\u202fp.m.png\" class=\"attachment-large size-large wp-image-317\" alt=\"\" srcset=\"https:\/\/martinadesol.cl\/wp-content\/uploads\/2025\/05\/Captura-de-pantalla-2025-05-08-a-las-5.54.22\u202fp.m.png 434w, https:\/\/martinadesol.cl\/wp-content\/uploads\/2025\/05\/Captura-de-pantalla-2025-05-08-a-las-5.54.22\u202fp.m-300x300.png 300w, https:\/\/martinadesol.cl\/wp-content\/uploads\/2025\/05\/Captura-de-pantalla-2025-05-08-a-las-5.54.22\u202fp.m-150x150.png 150w\" sizes=\"(max-width: 434px) 100vw, 434px\" \/>\t\t\t\t\t\t\t\t\t\t\t\t\t\t\t<\/div>\n\t\t\t\t<\/div>\n\t\t\t\t<div class=\"elementor-element elementor-element-c43c43d elementor-widget elementor-widget-image\" data-id=\"c43c43d\" data-element_type=\"widget\" data-widget_type=\"image.default\">\n\t\t\t\t<div class=\"elementor-widget-container\">\n\t\t\t\t\t\t\t\t\t\t\t\t\t\t\t<img loading=\"lazy\" decoding=\"async\" width=\"432\" height=\"434\" src=\"https:\/\/martinadesol.cl\/wp-content\/uploads\/2025\/05\/Captura-de-pantalla-2025-05-08-a-las-5.58.11\u202fp.m.png\" class=\"attachment-large size-large wp-image-321\" alt=\"\" srcset=\"https:\/\/martinadesol.cl\/wp-content\/uploads\/2025\/05\/Captura-de-pantalla-2025-05-08-a-las-5.58.11\u202fp.m.png 432w, https:\/\/martinadesol.cl\/wp-content\/uploads\/2025\/05\/Captura-de-pantalla-2025-05-08-a-las-5.58.11\u202fp.m-300x300.png 300w, https:\/\/martinadesol.cl\/wp-content\/uploads\/2025\/05\/Captura-de-pantalla-2025-05-08-a-las-5.58.11\u202fp.m-150x150.png 150w\" sizes=\"(max-width: 432px) 100vw, 432px\" \/>\t\t\t\t\t\t\t\t\t\t\t\t\t\t\t<\/div>\n\t\t\t\t<\/div>\n\t\t\t\t<div class=\"elementor-element elementor-element-7298b89 elementor-widget elementor-widget-image\" data-id=\"7298b89\" data-element_type=\"widget\" data-widget_type=\"image.default\">\n\t\t\t\t<div class=\"elementor-widget-container\">\n\t\t\t\t\t\t\t\t\t\t\t\t\t\t\t<img loading=\"lazy\" decoding=\"async\" width=\"434\" height=\"434\" src=\"https:\/\/martinadesol.cl\/wp-content\/uploads\/2025\/05\/Captura-de-pantalla-2025-05-08-a-las-5.58.50\u202fp.m.png\" class=\"attachment-large size-large wp-image-322\" alt=\"\" srcset=\"https:\/\/martinadesol.cl\/wp-content\/uploads\/2025\/05\/Captura-de-pantalla-2025-05-08-a-las-5.58.50\u202fp.m.png 434w, https:\/\/martinadesol.cl\/wp-content\/uploads\/2025\/05\/Captura-de-pantalla-2025-05-08-a-las-5.58.50\u202fp.m-300x300.png 300w, https:\/\/martinadesol.cl\/wp-content\/uploads\/2025\/05\/Captura-de-pantalla-2025-05-08-a-las-5.58.50\u202fp.m-150x150.png 150w\" sizes=\"(max-width: 434px) 100vw, 434px\" \/>\t\t\t\t\t\t\t\t\t\t\t\t\t\t\t<\/div>\n\t\t\t\t<\/div>\n\t\t\t\t<\/div>\n\t\t\t\t<\/div>\n\t\t\t\t<\/div>\n\t\t<div class=\"elementor-element elementor-element-458b1c7 e-con-full e-flex wpr-particle-no wpr-jarallax-no wpr-parallax-no wpr-sticky-section-no e-con e-child\" data-id=\"458b1c7\" data-element_type=\"container\">\n\t\t\t\t<div class=\"elementor-element elementor-element-e35d063 elementor-widget elementor-widget-image\" data-id=\"e35d063\" data-element_type=\"widget\" data-widget_type=\"image.default\">\n\t\t\t\t<div class=\"elementor-widget-container\">\n\t\t\t\t\t\t\t\t\t\t\t\t\t\t\t<img loading=\"lazy\" decoding=\"async\" width=\"722\" height=\"1024\" src=\"https:\/\/martinadesol.cl\/wp-content\/uploads\/2025\/05\/Captura-de-pantalla-2025-05-08-a-las-5.12.21\u202fp.m-722x1024.png\" class=\"attachment-large size-large wp-image-305\" alt=\"\" srcset=\"https:\/\/martinadesol.cl\/wp-content\/uploads\/2025\/05\/Captura-de-pantalla-2025-05-08-a-las-5.12.21\u202fp.m-722x1024.png 722w, https:\/\/martinadesol.cl\/wp-content\/uploads\/2025\/05\/Captura-de-pantalla-2025-05-08-a-las-5.12.21\u202fp.m-212x300.png 212w, https:\/\/martinadesol.cl\/wp-content\/uploads\/2025\/05\/Captura-de-pantalla-2025-05-08-a-las-5.12.21\u202fp.m.png 760w\" sizes=\"(max-width: 722px) 100vw, 722px\" \/>\t\t\t\t\t\t\t\t\t\t\t\t\t\t\t<\/div>\n\t\t\t\t<\/div>\n\t\t\t\t<div class=\"elementor-element elementor-element-eca28f0 elementor-widget elementor-widget-image\" data-id=\"eca28f0\" data-element_type=\"widget\" data-widget_type=\"image.default\">\n\t\t\t\t<div class=\"elementor-widget-container\">\n\t\t\t\t\t\t\t\t\t\t\t\t\t\t\t<img loading=\"lazy\" decoding=\"async\" width=\"724\" height=\"1024\" src=\"https:\/\/martinadesol.cl\/wp-content\/uploads\/2025\/05\/Captura-de-pantalla-2025-05-08-a-las-5.23.02\u202fp.m-724x1024.png\" class=\"attachment-large size-large wp-image-306\" alt=\"\" srcset=\"https:\/\/martinadesol.cl\/wp-content\/uploads\/2025\/05\/Captura-de-pantalla-2025-05-08-a-las-5.23.02\u202fp.m-724x1024.png 724w, https:\/\/martinadesol.cl\/wp-content\/uploads\/2025\/05\/Captura-de-pantalla-2025-05-08-a-las-5.23.02\u202fp.m-212x300.png 212w, https:\/\/martinadesol.cl\/wp-content\/uploads\/2025\/05\/Captura-de-pantalla-2025-05-08-a-las-5.23.02\u202fp.m-768x1087.png 768w, https:\/\/martinadesol.cl\/wp-content\/uploads\/2025\/05\/Captura-de-pantalla-2025-05-08-a-las-5.23.02\u202fp.m.png 868w\" sizes=\"(max-width: 724px) 100vw, 724px\" \/>\t\t\t\t\t\t\t\t\t\t\t\t\t\t\t<\/div>\n\t\t\t\t<\/div>\n\t\t\t\t<\/div>\n\t\t\t\t\t<\/div>\n\t\t\t\t<\/div>\n\t\t<div class=\"elementor-element elementor-element-8c90dca e-flex e-con-boxed wpr-particle-no wpr-jarallax-no wpr-parallax-no wpr-sticky-section-no e-con e-parent\" data-id=\"8c90dca\" data-element_type=\"container\">\n\t\t\t\t\t<div class=\"e-con-inner\">\n\t\t<div class=\"elementor-element elementor-element-4b515b4 e-con-full e-flex wpr-particle-no wpr-jarallax-no wpr-parallax-no wpr-sticky-section-no e-con e-child\" data-id=\"4b515b4\" data-element_type=\"container\">\n\t\t\t\t<\/div>\n\t\t<div class=\"elementor-element elementor-element-04cc190 e-con-full e-flex wpr-particle-no wpr-jarallax-no wpr-parallax-no wpr-sticky-section-no e-con e-child\" data-id=\"04cc190\" data-element_type=\"container\" data-settings=\"{&quot;background_background&quot;:&quot;classic&quot;}\">\n\t\t<div class=\"elementor-element elementor-element-9bed867 e-con-full e-flex wpr-particle-no wpr-jarallax-no wpr-parallax-no wpr-sticky-section-no e-con e-child\" data-id=\"9bed867\" data-element_type=\"container\">\n\t\t\t\t<div class=\"elementor-element elementor-element-27b08c9 wpr-main-menu-align-center elementor-widget__width-initial wpr-main-menu-align--tabletleft wpr-main-menu-align--mobileleft wpr-pointer-underline wpr-pointer-line-fx wpr-pointer-fx-fade wpr-sub-icon-caret-down wpr-sub-menu-fx-fade wpr-nav-menu-bp-mobile wpr-mobile-menu-full-width wpr-mobile-menu-item-align-center wpr-mobile-toggle-v1 wpr-sub-divider-yes wpr-mobile-divider-yes elementor-widget elementor-widget-wpr-nav-menu\" data-id=\"27b08c9\" data-element_type=\"widget\" data-settings=\"{&quot;menu_layout&quot;:&quot;horizontal&quot;}\" data-widget_type=\"wpr-nav-menu.default\">\n\t\t\t\t<div class=\"elementor-widget-container\">\n\t\t\t\t\t<nav class=\"wpr-nav-menu-container wpr-nav-menu-horizontal\" data-trigger=\"hover\"><ul id=\"menu-1-27b08c9\" class=\"wpr-nav-menu\"><li class=\"menu-item menu-item-type-post_type menu-item-object-page menu-item-home menu-item-176\"><a href=\"https:\/\/martinadesol.cl\/\" class=\"wpr-menu-item wpr-pointer-item\">Inicio<\/a><\/li>\n<li class=\"menu-item menu-item-type-post_type menu-item-object-page menu-item-has-children menu-item-174\"><a href=\"https:\/\/martinadesol.cl\/?page_id=57\" class=\"wpr-menu-item wpr-pointer-item\">Proyectos<i class=\"wpr-sub-icon fas\" aria-hidden=\"true\"><\/i><\/a>\n<ul class=\"sub-menu wpr-sub-menu\">\n\t<li class=\"menu-item menu-item-type-post_type menu-item-object-page menu-item-172\"><a href=\"https:\/\/martinadesol.cl\/?page_id=154\" class=\"wpr-sub-menu-item\">Ilustraci\u00f3n<\/a><\/li>\n\t<li class=\"menu-item menu-item-type-post_type menu-item-object-page menu-item-170\"><a href=\"https:\/\/martinadesol.cl\/?page_id=167\" class=\"wpr-sub-menu-item\">Identidad Visual<\/a><\/li>\n\t<li class=\"menu-item menu-item-type-post_type menu-item-object-page menu-item-171\"><a href=\"https:\/\/martinadesol.cl\/?page_id=164\" class=\"wpr-sub-menu-item\">Editorial<\/a><\/li>\n\t<li class=\"menu-item menu-item-type-post_type menu-item-object-page menu-item-213\"><a href=\"https:\/\/martinadesol.cl\/?page_id=211\" class=\"wpr-sub-menu-item\">Branding<\/a><\/li>\n\t<li class=\"menu-item menu-item-type-post_type menu-item-object-page menu-item-214\"><a href=\"https:\/\/martinadesol.cl\/?page_id=209\" class=\"wpr-sub-menu-item\">Motion Graphics<\/a><\/li>\n<\/ul>\n<\/li>\n<li class=\"menu-item menu-item-type-post_type menu-item-object-page menu-item-173\"><a href=\"https:\/\/martinadesol.cl\/?page_id=59\" class=\"wpr-menu-item wpr-pointer-item\">Contacto<\/a><\/li>\n<li class=\"menu-item menu-item-type-post_type menu-item-object-page menu-item-175\"><a href=\"https:\/\/martinadesol.cl\/?page_id=53\" class=\"wpr-menu-item wpr-pointer-item\">Sobre m\u00ed<\/a><\/li>\n<\/ul><\/nav><nav class=\"wpr-mobile-nav-menu-container\"><div class=\"wpr-mobile-toggle-wrap\"><div class=\"wpr-mobile-toggle\"><span class=\"wpr-mobile-toggle-line\"><\/span><span class=\"wpr-mobile-toggle-line\"><\/span><span class=\"wpr-mobile-toggle-line\"><\/span><\/div><\/div><ul id=\"mobile-menu-2-27b08c9\" class=\"wpr-mobile-nav-menu\"><li class=\"menu-item menu-item-type-post_type menu-item-object-page menu-item-home menu-item-176\"><a href=\"https:\/\/martinadesol.cl\/\" class=\"wpr-mobile-menu-item\">Inicio<\/a><\/li>\n<li class=\"menu-item menu-item-type-post_type menu-item-object-page menu-item-has-children menu-item-174\"><a href=\"https:\/\/martinadesol.cl\/?page_id=57\" class=\"wpr-mobile-menu-item\">Proyectos<\/a>\n<ul class=\"sub-menu wpr-sub-menu\">\n\t<li class=\"menu-item menu-item-type-post_type menu-item-object-page menu-item-172\"><a href=\"https:\/\/martinadesol.cl\/?page_id=154\" class=\"wpr-mobile-sub-menu-item\">Ilustraci\u00f3n<\/a><\/li>\n\t<li class=\"menu-item menu-item-type-post_type menu-item-object-page menu-item-170\"><a href=\"https:\/\/martinadesol.cl\/?page_id=167\" class=\"wpr-mobile-sub-menu-item\">Identidad Visual<\/a><\/li>\n\t<li class=\"menu-item menu-item-type-post_type menu-item-object-page menu-item-171\"><a href=\"https:\/\/martinadesol.cl\/?page_id=164\" class=\"wpr-mobile-sub-menu-item\">Editorial<\/a><\/li>\n\t<li class=\"menu-item menu-item-type-post_type menu-item-object-page menu-item-213\"><a href=\"https:\/\/martinadesol.cl\/?page_id=211\" class=\"wpr-mobile-sub-menu-item\">Branding<\/a><\/li>\n\t<li class=\"menu-item menu-item-type-post_type menu-item-object-page menu-item-214\"><a href=\"https:\/\/martinadesol.cl\/?page_id=209\" class=\"wpr-mobile-sub-menu-item\">Motion Graphics<\/a><\/li>\n<\/ul>\n<\/li>\n<li class=\"menu-item menu-item-type-post_type menu-item-object-page menu-item-173\"><a href=\"https:\/\/martinadesol.cl\/?page_id=59\" class=\"wpr-mobile-menu-item\">Contacto<\/a><\/li>\n<li class=\"menu-item menu-item-type-post_type menu-item-object-page menu-item-175\"><a href=\"https:\/\/martinadesol.cl\/?page_id=53\" class=\"wpr-mobile-menu-item\">Sobre m\u00ed<\/a><\/li>\n<\/ul><\/nav>\t\t\t\t<\/div>\n\t\t\t\t<\/div>\n\t\t\t\t<\/div>\n\t\t\t\t<\/div>\n\t\t\t\t\t<\/div>\n\t\t\t\t<\/div>\n\t\t\t\t<\/div>\n\t\t","protected":false},"excerpt":{"rendered":"<p>2025 Martina De Solminihac Dachs La palabra iluminada Este proyecto ilustrativo est\u00e1 basado en el dise\u00f1ador e ilustrador chileno Alberto Montt, en donde se emplean personajes famosos de sus obras y con ellos se busca esconder el apellido de este mediante sus personajes. La propuesta tiene la base en blanco y negro, y luego dos paletas de colores contrarias. Fue dise\u00f1ado de manera inicial en papel, luego escaneado y finalmente editado en Photoshop. Paletas de Color usadas: Inicio Contacto Proyectos Ilustraci\u00f3n Identidad Visual Editorial Branding Motion Graphics Sobre m\u00ed Inicio Contacto Proyectos Ilustraci\u00f3n Identidad Visual Editorial Branding Motion Graphics Sobre m\u00ed<\/p>\n","protected":false},"author":1,"featured_media":0,"parent":0,"menu_order":0,"comment_status":"closed","ping_status":"closed","template":"elementor_canvas","meta":{"footnotes":""},"class_list":["post-154","page","type-page","status-publish","hentry"],"_links":{"self":[{"href":"https:\/\/martinadesol.cl\/index.php?rest_route=\/wp\/v2\/pages\/154","targetHints":{"allow":["GET"]}}],"collection":[{"href":"https:\/\/martinadesol.cl\/index.php?rest_route=\/wp\/v2\/pages"}],"about":[{"href":"https:\/\/martinadesol.cl\/index.php?rest_route=\/wp\/v2\/types\/page"}],"author":[{"embeddable":true,"href":"https:\/\/martinadesol.cl\/index.php?rest_route=\/wp\/v2\/users\/1"}],"replies":[{"embeddable":true,"href":"https:\/\/martinadesol.cl\/index.php?rest_route=%2Fwp%2Fv2%2Fcomments&post=154"}],"version-history":[{"count":32,"href":"https:\/\/martinadesol.cl\/index.php?rest_route=\/wp\/v2\/pages\/154\/revisions"}],"predecessor-version":[{"id":388,"href":"https:\/\/martinadesol.cl\/index.php?rest_route=\/wp\/v2\/pages\/154\/revisions\/388"}],"wp:attachment":[{"href":"https:\/\/martinadesol.cl\/index.php?rest_route=%2Fwp%2Fv2%2Fmedia&parent=154"}],"curies":[{"name":"wp","href":"https:\/\/api.w.org\/{rel}","templated":true}]}}